{"id":1094,"date":"2023-02-17T11:56:31","date_gmt":"2023-02-17T11:56:31","guid":{"rendered":"https:\/\/synermont.com\/?page_id=1094"},"modified":"2023-03-20T07:14:31","modified_gmt":"2023-03-20T07:14:31","slug":"hardware-startups-und-innovative-unternehmen","status":"publish","type":"page","link":"https:\/\/synermont.com\/de\/hardware-startups-und-innovative-unternehmen\/","title":{"rendered":"Hardware startups und innovative Unternehmen"},"content":{"rendered":"","protected":false},"excerpt":{"rendered":"","protected":false},"author":1,"featured_media":1260,"parent":0,"menu_order":0,"comment_status":"closed","ping_status":"closed","template":"page-templates\/landing.php","meta":{"_acf_changed":false,"footnotes":""},"class_list":["post-1094","page","type-page","status-publish","has-post-thumbnail","hentry"],"acf":[],"yoast_head":"<!-- This site is optimized with the Yoast SEO Premium plugin v22.1 (Yoast SEO v22.1) - https:\/\/yoast.com\/wordpress\/plugins\/seo\/ -->\n<title>Synermont - Lohnfertigung f\u00fcr Hardware startups und innovative Unternehmen<\/title>\n<meta name=\"description\" content=\"Mit Synermont als externem Fertigungsbetrieb in Ungarn k\u00f6nnen Produktionsschritte oder sogar die gesamte Fertigungsaktivit\u00e4t ausgelagert werden.\" \/>\n<meta name=\"robots\" content=\"index, follow, max-snippet:-1, max-image-preview:large, max-video-preview:-1\" \/>\n<link rel=\"canonical\" href=\"https:\/\/synermont.com\/de\/hardware-startups-und-innovative-unternehmen\/\" \/>\n<meta property=\"og:locale\" content=\"de_DE\" \/>\n<meta property=\"og:type\" content=\"article\" \/>\n<meta property=\"og:title\" content=\"Synermont - Lohnfertigung f\u00fcr Hardware startups und innovative Unternehmen\" \/>\n<meta property=\"og:description\" content=\"Mit Synermont als externem Fertigungsbetrieb in Ungarn k\u00f6nnen Produktionsschritte oder sogar die gesamte Fertigungsaktivit\u00e4t ausgelagert werden.\" \/>\n<meta property=\"og:url\" content=\"https:\/\/synermont.com\/de\/hardware-startups-und-innovative-unternehmen\/\" \/>\n<meta property=\"og:site_name\" content=\"Synermont\" \/>\n<meta property=\"article:modified_time\" content=\"2023-03-20T07:14:31+00:00\" \/>\n<meta property=\"og:image\" content=\"https:\/\/synermont.com\/wp-content\/uploads\/2023\/03\/dsc07754-edit-1-scaled.jpg\" \/>\n\t<meta property=\"og:image:width\" content=\"2560\" \/>\n\t<meta property=\"og:image:height\" content=\"1707\" \/>\n\t<meta property=\"og:image:type\" content=\"image\/jpeg\" \/>\n<meta name=\"twitter:card\" content=\"summary_large_image\" \/>\n<script type=\"application\/ld+json\" class=\"yoast-schema-graph\">{\"@context\":\"https:\/\/schema.org\",\"@graph\":[{\"@type\":\"WebPage\",\"@id\":\"https:\/\/synermont.com\/de\/hardware-startups-und-innovative-unternehmen\/\",\"url\":\"https:\/\/synermont.com\/de\/hardware-startups-und-innovative-unternehmen\/\",\"name\":\"Synermont - Lohnfertigung f\u00fcr Hardware startups und innovative Unternehmen\",\"isPartOf\":{\"@id\":\"https:\/\/synermont.com\/#website\"},\"datePublished\":\"2023-02-17T11:56:31+00:00\",\"dateModified\":\"2023-03-20T07:14:31+00:00\",\"description\":\"Mit Synermont als externem Fertigungsbetrieb in Ungarn k\u00f6nnen Produktionsschritte oder sogar die gesamte Fertigungsaktivit\u00e4t ausgelagert werden.\",\"inLanguage\":\"de\",\"potentialAction\":[{\"@type\":\"ReadAction\",\"target\":[\"https:\/\/synermont.com\/de\/hardware-startups-und-innovative-unternehmen\/\"]}]},{\"@type\":\"WebSite\",\"@id\":\"https:\/\/synermont.com\/#website\",\"url\":\"https:\/\/synermont.com\/\",\"name\":\"Synermont\",\"description\":\"Contract Manufacturing\",\"publisher\":{\"@id\":\"https:\/\/synermont.com\/#organization\"},\"potentialAction\":[{\"@type\":\"SearchAction\",\"target\":{\"@type\":\"EntryPoint\",\"urlTemplate\":\"https:\/\/synermont.com\/?s={search_term_string}\"},\"query-input\":\"required name=search_term_string\"}],\"inLanguage\":\"de\"},{\"@type\":\"Organization\",\"@id\":\"https:\/\/synermont.com\/#organization\",\"name\":\"Synermont\",\"url\":\"https:\/\/synermont.com\/\",\"logo\":{\"@type\":\"ImageObject\",\"inLanguage\":\"de\",\"@id\":\"https:\/\/synermont.com\/#\/schema\/logo\/image\/\",\"url\":\"https:\/\/synermont.com\/wp-content\/uploads\/2021\/12\/synermont-logo-bright-base.png\",\"contentUrl\":\"https:\/\/synermont.com\/wp-content\/uploads\/2021\/12\/synermont-logo-bright-base.png\",\"width\":2507,\"height\":442,\"caption\":\"Synermont\"},\"image\":{\"@id\":\"https:\/\/synermont.com\/#\/schema\/logo\/image\/\"}}]}<\/script>\n<!-- \/ Yoast SEO Premium plugin. -->","yoast_head_json":{"title":"Synermont - Lohnfertigung f\u00fcr Hardware startups und innovative Unternehmen","description":"Mit Synermont als externem Fertigungsbetrieb in Ungarn k\u00f6nnen Produktionsschritte oder sogar die gesamte Fertigungsaktivit\u00e4t ausgelagert werden.","robots":{"index":"index","follow":"follow","max-snippet":"max-snippet:-1","max-image-preview":"max-image-preview:large","max-video-preview":"max-video-preview:-1"},"canonical":"https:\/\/synermont.com\/de\/hardware-startups-und-innovative-unternehmen\/","og_locale":"de_DE","og_type":"article","og_title":"Synermont - Lohnfertigung f\u00fcr Hardware startups und innovative Unternehmen","og_description":"Mit Synermont als externem Fertigungsbetrieb in Ungarn k\u00f6nnen Produktionsschritte oder sogar die gesamte Fertigungsaktivit\u00e4t ausgelagert werden.","og_url":"https:\/\/synermont.com\/de\/hardware-startups-und-innovative-unternehmen\/","og_site_name":"Synermont","article_modified_time":"2023-03-20T07:14:31+00:00","og_image":[{"width":2560,"height":1707,"url":"https:\/\/synermont.com\/wp-content\/uploads\/2023\/03\/dsc07754-edit-1-scaled.jpg","type":"image\/jpeg"}],"twitter_card":"summary_large_image","schema":{"@context":"https:\/\/schema.org","@graph":[{"@type":"WebPage","@id":"https:\/\/synermont.com\/de\/hardware-startups-und-innovative-unternehmen\/","url":"https:\/\/synermont.com\/de\/hardware-startups-und-innovative-unternehmen\/","name":"Synermont - Lohnfertigung f\u00fcr Hardware startups und innovative Unternehmen","isPartOf":{"@id":"https:\/\/synermont.com\/#website"},"datePublished":"2023-02-17T11:56:31+00:00","dateModified":"2023-03-20T07:14:31+00:00","description":"Mit Synermont als externem Fertigungsbetrieb in Ungarn k\u00f6nnen Produktionsschritte oder sogar die gesamte Fertigungsaktivit\u00e4t ausgelagert werden.","inLanguage":"de","potentialAction":[{"@type":"ReadAction","target":["https:\/\/synermont.com\/de\/hardware-startups-und-innovative-unternehmen\/"]}]},{"@type":"WebSite","@id":"https:\/\/synermont.com\/#website","url":"https:\/\/synermont.com\/","name":"Synermont","description":"Contract Manufacturing","publisher":{"@id":"https:\/\/synermont.com\/#organization"},"potentialAction":[{"@type":"SearchAction","target":{"@type":"EntryPoint","urlTemplate":"https:\/\/synermont.com\/?s={search_term_string}"},"query-input":"required name=search_term_string"}],"inLanguage":"de"},{"@type":"Organization","@id":"https:\/\/synermont.com\/#organization","name":"Synermont","url":"https:\/\/synermont.com\/","logo":{"@type":"ImageObject","inLanguage":"de","@id":"https:\/\/synermont.com\/#\/schema\/logo\/image\/","url":"https:\/\/synermont.com\/wp-content\/uploads\/2021\/12\/synermont-logo-bright-base.png","contentUrl":"https:\/\/synermont.com\/wp-content\/uploads\/2021\/12\/synermont-logo-bright-base.png","width":2507,"height":442,"caption":"Synermont"},"image":{"@id":"https:\/\/synermont.com\/#\/schema\/logo\/image\/"}}]}},"_links":{"self":[{"href":"https:\/\/synermont.com\/de\/wp-json\/wp\/v2\/pages\/1094","targetHints":{"allow":["GET"]}}],"collection":[{"href":"https:\/\/synermont.com\/de\/wp-json\/wp\/v2\/pages"}],"about":[{"href":"https:\/\/synermont.com\/de\/wp-json\/wp\/v2\/types\/page"}],"author":[{"embeddable":true,"href":"https:\/\/synermont.com\/de\/wp-json\/wp\/v2\/users\/1"}],"replies":[{"embeddable":true,"href":"https:\/\/synermont.com\/de\/wp-json\/wp\/v2\/comments?post=1094"}],"version-history":[{"count":9,"href":"https:\/\/synermont.com\/de\/wp-json\/wp\/v2\/pages\/1094\/revisions"}],"predecessor-version":[{"id":1361,"href":"https:\/\/synermont.com\/de\/wp-json\/wp\/v2\/pages\/1094\/revisions\/1361"}],"wp:featuredmedia":[{"embeddable":true,"href":"https:\/\/synermont.com\/de\/wp-json\/wp\/v2\/media\/1260"}],"wp:attachment":[{"href":"https:\/\/synermont.com\/de\/wp-json\/wp\/v2\/media?parent=1094"}],"curies":[{"name":"wp","href":"https:\/\/api.w.org\/{rel}","templated":true}]}}