{"id":504,"date":"2021-12-25T20:29:03","date_gmt":"2021-12-25T20:29:03","guid":{"rendered":"https:\/\/synermont.com\/?page_id=504"},"modified":"2022-01-22T12:02:16","modified_gmt":"2022-01-22T12:02:16","slug":"lohnfertigung-fuer-startups","status":"publish","type":"page","link":"https:\/\/synermont.com\/de\/lohnfertigung-fuer-startups\/","title":{"rendered":"Manufacturing HUB f\u00fcr Startups und Scaleups"},"content":{"rendered":"","protected":false},"excerpt":{"rendered":"","protected":false},"author":3,"featured_media":507,"parent":0,"menu_order":0,"comment_status":"closed","ping_status":"closed","template":"page-templates\/services.php","meta":{"_acf_changed":false,"footnotes":""},"class_list":["post-504","page","type-page","status-publish","has-post-thumbnail","hentry"],"acf":[],"yoast_head":"<!-- This site is optimized with the Yoast SEO Premium plugin v22.1 (Yoast SEO v22.1) - https:\/\/yoast.com\/wordpress\/plugins\/seo\/ -->\n<title>Lohnfertigung f\u00fcr Startups und Scaleups - Synermont<\/title>\n<meta name=\"description\" content=\"Komplettl\u00f6sungen f\u00fcr wirtschaftlich und strategisch sinnvolle Produktionsauslagerungen. Unsere Expertise ist die Realisierung kompletter Lohnfertigung\" \/>\n<meta name=\"robots\" content=\"index, follow, max-snippet:-1, max-image-preview:large, max-video-preview:-1\" \/>\n<link rel=\"canonical\" href=\"https:\/\/synermont.com\/de\/lohnfertigung-fuer-startups\/\" \/>\n<meta property=\"og:locale\" content=\"de_DE\" \/>\n<meta property=\"og:type\" content=\"article\" \/>\n<meta property=\"og:title\" content=\"Lohnfertigung f\u00fcr Startups und Scaleups - Synermont\" \/>\n<meta property=\"og:description\" content=\"Komplettl\u00f6sungen f\u00fcr wirtschaftlich und strategisch sinnvolle Produktionsauslagerungen. Unsere Expertise ist die Realisierung kompletter Lohnfertigung\" \/>\n<meta property=\"og:url\" content=\"https:\/\/synermont.com\/de\/lohnfertigung-fuer-startups\/\" \/>\n<meta property=\"og:site_name\" content=\"Synermont\" \/>\n<meta property=\"article:modified_time\" content=\"2022-01-22T12:02:16+00:00\" \/>\n<meta property=\"og:image\" content=\"https:\/\/synermont.com\/wp-content\/uploads\/2021\/12\/lohnfertigung-fuer-startups-scaled.jpg\" \/>\n\t<meta property=\"og:image:width\" content=\"2560\" \/>\n\t<meta property=\"og:image:height\" content=\"1707\" \/>\n\t<meta property=\"og:image:type\" content=\"image\/jpeg\" \/>\n<meta name=\"twitter:card\" content=\"summary_large_image\" \/>\n<script type=\"application\/ld+json\" class=\"yoast-schema-graph\">{\"@context\":\"https:\/\/schema.org\",\"@graph\":[{\"@type\":\"WebPage\",\"@id\":\"https:\/\/synermont.com\/de\/lohnfertigung-fuer-startups\/\",\"url\":\"https:\/\/synermont.com\/de\/lohnfertigung-fuer-startups\/\",\"name\":\"Lohnfertigung f\u00fcr Startups und Scaleups - Synermont\",\"isPartOf\":{\"@id\":\"https:\/\/synermont.com\/#website\"},\"datePublished\":\"2021-12-25T20:29:03+00:00\",\"dateModified\":\"2022-01-22T12:02:16+00:00\",\"description\":\"Komplettl\u00f6sungen f\u00fcr wirtschaftlich und strategisch sinnvolle Produktionsauslagerungen. Unsere Expertise ist die Realisierung kompletter Lohnfertigung\",\"inLanguage\":\"de\",\"potentialAction\":[{\"@type\":\"ReadAction\",\"target\":[\"https:\/\/synermont.com\/de\/lohnfertigung-fuer-startups\/\"]}]},{\"@type\":\"WebSite\",\"@id\":\"https:\/\/synermont.com\/#website\",\"url\":\"https:\/\/synermont.com\/\",\"name\":\"Synermont\",\"description\":\"Contract Manufacturing\",\"publisher\":{\"@id\":\"https:\/\/synermont.com\/#organization\"},\"potentialAction\":[{\"@type\":\"SearchAction\",\"target\":{\"@type\":\"EntryPoint\",\"urlTemplate\":\"https:\/\/synermont.com\/?s={search_term_string}\"},\"query-input\":\"required name=search_term_string\"}],\"inLanguage\":\"de\"},{\"@type\":\"Organization\",\"@id\":\"https:\/\/synermont.com\/#organization\",\"name\":\"Synermont\",\"url\":\"https:\/\/synermont.com\/\",\"logo\":{\"@type\":\"ImageObject\",\"inLanguage\":\"de\",\"@id\":\"https:\/\/synermont.com\/#\/schema\/logo\/image\/\",\"url\":\"https:\/\/synermont.com\/wp-content\/uploads\/2021\/12\/synermont-logo-bright-base.png\",\"contentUrl\":\"https:\/\/synermont.com\/wp-content\/uploads\/2021\/12\/synermont-logo-bright-base.png\",\"width\":2507,\"height\":442,\"caption\":\"Synermont\"},\"image\":{\"@id\":\"https:\/\/synermont.com\/#\/schema\/logo\/image\/\"}}]}<\/script>\n<!-- \/ Yoast SEO Premium plugin. -->","yoast_head_json":{"title":"Lohnfertigung f\u00fcr Startups und Scaleups - Synermont","description":"Komplettl\u00f6sungen f\u00fcr wirtschaftlich und strategisch sinnvolle Produktionsauslagerungen. Unsere Expertise ist die Realisierung kompletter Lohnfertigung","robots":{"index":"index","follow":"follow","max-snippet":"max-snippet:-1","max-image-preview":"max-image-preview:large","max-video-preview":"max-video-preview:-1"},"canonical":"https:\/\/synermont.com\/de\/lohnfertigung-fuer-startups\/","og_locale":"de_DE","og_type":"article","og_title":"Lohnfertigung f\u00fcr Startups und Scaleups - Synermont","og_description":"Komplettl\u00f6sungen f\u00fcr wirtschaftlich und strategisch sinnvolle Produktionsauslagerungen. Unsere Expertise ist die Realisierung kompletter Lohnfertigung","og_url":"https:\/\/synermont.com\/de\/lohnfertigung-fuer-startups\/","og_site_name":"Synermont","article_modified_time":"2022-01-22T12:02:16+00:00","og_image":[{"width":2560,"height":1707,"url":"https:\/\/synermont.com\/wp-content\/uploads\/2021\/12\/lohnfertigung-fuer-startups-scaled.jpg","type":"image\/jpeg"}],"twitter_card":"summary_large_image","schema":{"@context":"https:\/\/schema.org","@graph":[{"@type":"WebPage","@id":"https:\/\/synermont.com\/de\/lohnfertigung-fuer-startups\/","url":"https:\/\/synermont.com\/de\/lohnfertigung-fuer-startups\/","name":"Lohnfertigung f\u00fcr Startups und Scaleups - Synermont","isPartOf":{"@id":"https:\/\/synermont.com\/#website"},"datePublished":"2021-12-25T20:29:03+00:00","dateModified":"2022-01-22T12:02:16+00:00","description":"Komplettl\u00f6sungen f\u00fcr wirtschaftlich und strategisch sinnvolle Produktionsauslagerungen. Unsere Expertise ist die Realisierung kompletter Lohnfertigung","inLanguage":"de","potentialAction":[{"@type":"ReadAction","target":["https:\/\/synermont.com\/de\/lohnfertigung-fuer-startups\/"]}]},{"@type":"WebSite","@id":"https:\/\/synermont.com\/#website","url":"https:\/\/synermont.com\/","name":"Synermont","description":"Contract Manufacturing","publisher":{"@id":"https:\/\/synermont.com\/#organization"},"potentialAction":[{"@type":"SearchAction","target":{"@type":"EntryPoint","urlTemplate":"https:\/\/synermont.com\/?s={search_term_string}"},"query-input":"required name=search_term_string"}],"inLanguage":"de"},{"@type":"Organization","@id":"https:\/\/synermont.com\/#organization","name":"Synermont","url":"https:\/\/synermont.com\/","logo":{"@type":"ImageObject","inLanguage":"de","@id":"https:\/\/synermont.com\/#\/schema\/logo\/image\/","url":"https:\/\/synermont.com\/wp-content\/uploads\/2021\/12\/synermont-logo-bright-base.png","contentUrl":"https:\/\/synermont.com\/wp-content\/uploads\/2021\/12\/synermont-logo-bright-base.png","width":2507,"height":442,"caption":"Synermont"},"image":{"@id":"https:\/\/synermont.com\/#\/schema\/logo\/image\/"}}]}},"_links":{"self":[{"href":"https:\/\/synermont.com\/de\/wp-json\/wp\/v2\/pages\/504","targetHints":{"allow":["GET"]}}],"collection":[{"href":"https:\/\/synermont.com\/de\/wp-json\/wp\/v2\/pages"}],"about":[{"href":"https:\/\/synermont.com\/de\/wp-json\/wp\/v2\/types\/page"}],"author":[{"embeddable":true,"href":"https:\/\/synermont.com\/de\/wp-json\/wp\/v2\/users\/3"}],"replies":[{"embeddable":true,"href":"https:\/\/synermont.com\/de\/wp-json\/wp\/v2\/comments?post=504"}],"version-history":[{"count":19,"href":"https:\/\/synermont.com\/de\/wp-json\/wp\/v2\/pages\/504\/revisions"}],"predecessor-version":[{"id":700,"href":"https:\/\/synermont.com\/de\/wp-json\/wp\/v2\/pages\/504\/revisions\/700"}],"wp:featuredmedia":[{"embeddable":true,"href":"https:\/\/synermont.com\/de\/wp-json\/wp\/v2\/media\/507"}],"wp:attachment":[{"href":"https:\/\/synermont.com\/de\/wp-json\/wp\/v2\/media?parent=504"}],"curies":[{"name":"wp","href":"https:\/\/api.w.org\/{rel}","templated":true}]}}