{"id":922,"date":"2022-07-05T14:53:10","date_gmt":"2022-07-05T14:53:10","guid":{"rendered":"https:\/\/synermont.com\/?page_id=922"},"modified":"2022-07-05T14:53:10","modified_gmt":"2022-07-05T14:53:10","slug":"abkantung-von-blechen","status":"publish","type":"page","link":"https:\/\/synermont.com\/de\/abkantung-von-blechen\/","title":{"rendered":"Abkantung von Blechen"},"content":{"rendered":"","protected":false},"excerpt":{"rendered":"","protected":false},"author":3,"featured_media":886,"parent":0,"menu_order":0,"comment_status":"closed","ping_status":"closed","template":"page-templates\/process-description.php","meta":{"_acf_changed":false,"footnotes":""},"class_list":["post-922","page","type-page","status-publish","has-post-thumbnail","hentry"],"acf":[],"yoast_head":"<!-- This site is optimized with the Yoast SEO Premium plugin v22.1 (Yoast SEO v22.1) - https:\/\/yoast.com\/wordpress\/plugins\/seo\/ -->\n<title>Abkantung von Blechen - Synermont<\/title>\n<meta name=\"description\" content=\"Profitieren Sie von ma\u00dfgeschneiderten L\u00f6sungen f\u00fcr den Metallbau, die gut funktionierende, transparente Produktionsabl\u00e4ufe mit gleichbleibender Qualit\u00e4t in jeder Gr\u00f6\u00dfenordnung verbinden\" \/>\n<meta name=\"robots\" content=\"index, follow, max-snippet:-1, max-image-preview:large, max-video-preview:-1\" \/>\n<link rel=\"canonical\" href=\"https:\/\/synermont.com\/de\/abkantung-von-blechen\/\" \/>\n<meta property=\"og:locale\" content=\"de_DE\" \/>\n<meta property=\"og:type\" content=\"article\" \/>\n<meta property=\"og:title\" content=\"Abkantung von Blechen - Synermont\" \/>\n<meta property=\"og:description\" content=\"Profitieren Sie von ma\u00dfgeschneiderten L\u00f6sungen f\u00fcr den Metallbau, die gut funktionierende, transparente Produktionsabl\u00e4ufe mit gleichbleibender Qualit\u00e4t in jeder Gr\u00f6\u00dfenordnung verbinden\" \/>\n<meta property=\"og:url\" content=\"https:\/\/synermont.com\/de\/abkantung-von-blechen\/\" \/>\n<meta property=\"og:site_name\" content=\"Synermont\" \/>\n<meta property=\"og:image\" content=\"https:\/\/synermont.com\/wp-content\/uploads\/2022\/06\/sheet-metal-folding-693448198-mod-scaled.jpg\" \/>\n\t<meta property=\"og:image:width\" content=\"2560\" \/>\n\t<meta property=\"og:image:height\" content=\"1707\" \/>\n\t<meta property=\"og:image:type\" content=\"image\/jpeg\" \/>\n<meta name=\"twitter:card\" content=\"summary_large_image\" \/>\n<script type=\"application\/ld+json\" class=\"yoast-schema-graph\">{\"@context\":\"https:\/\/schema.org\",\"@graph\":[{\"@type\":\"WebPage\",\"@id\":\"https:\/\/synermont.com\/de\/abkantung-von-blechen\/\",\"url\":\"https:\/\/synermont.com\/de\/abkantung-von-blechen\/\",\"name\":\"Abkantung von Blechen - Synermont\",\"isPartOf\":{\"@id\":\"https:\/\/synermont.com\/#website\"},\"datePublished\":\"2022-07-05T14:53:10+00:00\",\"dateModified\":\"2022-07-05T14:53:10+00:00\",\"description\":\"Profitieren Sie von ma\u00dfgeschneiderten L\u00f6sungen f\u00fcr den Metallbau, die gut funktionierende, transparente Produktionsabl\u00e4ufe mit gleichbleibender Qualit\u00e4t in jeder Gr\u00f6\u00dfenordnung verbinden\",\"inLanguage\":\"de\",\"potentialAction\":[{\"@type\":\"ReadAction\",\"target\":[\"https:\/\/synermont.com\/de\/abkantung-von-blechen\/\"]}]},{\"@type\":\"WebSite\",\"@id\":\"https:\/\/synermont.com\/#website\",\"url\":\"https:\/\/synermont.com\/\",\"name\":\"Synermont\",\"description\":\"Contract Manufacturing\",\"publisher\":{\"@id\":\"https:\/\/synermont.com\/#organization\"},\"potentialAction\":[{\"@type\":\"SearchAction\",\"target\":{\"@type\":\"EntryPoint\",\"urlTemplate\":\"https:\/\/synermont.com\/?s={search_term_string}\"},\"query-input\":\"required name=search_term_string\"}],\"inLanguage\":\"de\"},{\"@type\":\"Organization\",\"@id\":\"https:\/\/synermont.com\/#organization\",\"name\":\"Synermont\",\"url\":\"https:\/\/synermont.com\/\",\"logo\":{\"@type\":\"ImageObject\",\"inLanguage\":\"de\",\"@id\":\"https:\/\/synermont.com\/#\/schema\/logo\/image\/\",\"url\":\"https:\/\/synermont.com\/wp-content\/uploads\/2021\/12\/synermont-logo-bright-base.png\",\"contentUrl\":\"https:\/\/synermont.com\/wp-content\/uploads\/2021\/12\/synermont-logo-bright-base.png\",\"width\":2507,\"height\":442,\"caption\":\"Synermont\"},\"image\":{\"@id\":\"https:\/\/synermont.com\/#\/schema\/logo\/image\/\"}}]}<\/script>\n<!-- \/ Yoast SEO Premium plugin. -->","yoast_head_json":{"title":"Abkantung von Blechen - Synermont","description":"Profitieren Sie von ma\u00dfgeschneiderten L\u00f6sungen f\u00fcr den Metallbau, die gut funktionierende, transparente Produktionsabl\u00e4ufe mit gleichbleibender Qualit\u00e4t in jeder Gr\u00f6\u00dfenordnung verbinden","robots":{"index":"index","follow":"follow","max-snippet":"max-snippet:-1","max-image-preview":"max-image-preview:large","max-video-preview":"max-video-preview:-1"},"canonical":"https:\/\/synermont.com\/de\/abkantung-von-blechen\/","og_locale":"de_DE","og_type":"article","og_title":"Abkantung von Blechen - Synermont","og_description":"Profitieren Sie von ma\u00dfgeschneiderten L\u00f6sungen f\u00fcr den Metallbau, die gut funktionierende, transparente Produktionsabl\u00e4ufe mit gleichbleibender Qualit\u00e4t in jeder Gr\u00f6\u00dfenordnung verbinden","og_url":"https:\/\/synermont.com\/de\/abkantung-von-blechen\/","og_site_name":"Synermont","og_image":[{"width":2560,"height":1707,"url":"https:\/\/synermont.com\/wp-content\/uploads\/2022\/06\/sheet-metal-folding-693448198-mod-scaled.jpg","type":"image\/jpeg"}],"twitter_card":"summary_large_image","schema":{"@context":"https:\/\/schema.org","@graph":[{"@type":"WebPage","@id":"https:\/\/synermont.com\/de\/abkantung-von-blechen\/","url":"https:\/\/synermont.com\/de\/abkantung-von-blechen\/","name":"Abkantung von Blechen - Synermont","isPartOf":{"@id":"https:\/\/synermont.com\/#website"},"datePublished":"2022-07-05T14:53:10+00:00","dateModified":"2022-07-05T14:53:10+00:00","description":"Profitieren Sie von ma\u00dfgeschneiderten L\u00f6sungen f\u00fcr den Metallbau, die gut funktionierende, transparente Produktionsabl\u00e4ufe mit gleichbleibender Qualit\u00e4t in jeder Gr\u00f6\u00dfenordnung verbinden","inLanguage":"de","potentialAction":[{"@type":"ReadAction","target":["https:\/\/synermont.com\/de\/abkantung-von-blechen\/"]}]},{"@type":"WebSite","@id":"https:\/\/synermont.com\/#website","url":"https:\/\/synermont.com\/","name":"Synermont","description":"Contract Manufacturing","publisher":{"@id":"https:\/\/synermont.com\/#organization"},"potentialAction":[{"@type":"SearchAction","target":{"@type":"EntryPoint","urlTemplate":"https:\/\/synermont.com\/?s={search_term_string}"},"query-input":"required name=search_term_string"}],"inLanguage":"de"},{"@type":"Organization","@id":"https:\/\/synermont.com\/#organization","name":"Synermont","url":"https:\/\/synermont.com\/","logo":{"@type":"ImageObject","inLanguage":"de","@id":"https:\/\/synermont.com\/#\/schema\/logo\/image\/","url":"https:\/\/synermont.com\/wp-content\/uploads\/2021\/12\/synermont-logo-bright-base.png","contentUrl":"https:\/\/synermont.com\/wp-content\/uploads\/2021\/12\/synermont-logo-bright-base.png","width":2507,"height":442,"caption":"Synermont"},"image":{"@id":"https:\/\/synermont.com\/#\/schema\/logo\/image\/"}}]}},"_links":{"self":[{"href":"https:\/\/synermont.com\/de\/wp-json\/wp\/v2\/pages\/922","targetHints":{"allow":["GET"]}}],"collection":[{"href":"https:\/\/synermont.com\/de\/wp-json\/wp\/v2\/pages"}],"about":[{"href":"https:\/\/synermont.com\/de\/wp-json\/wp\/v2\/types\/page"}],"author":[{"embeddable":true,"href":"https:\/\/synermont.com\/de\/wp-json\/wp\/v2\/users\/3"}],"replies":[{"embeddable":true,"href":"https:\/\/synermont.com\/de\/wp-json\/wp\/v2\/comments?post=922"}],"version-history":[{"count":3,"href":"https:\/\/synermont.com\/de\/wp-json\/wp\/v2\/pages\/922\/revisions"}],"predecessor-version":[{"id":960,"href":"https:\/\/synermont.com\/de\/wp-json\/wp\/v2\/pages\/922\/revisions\/960"}],"wp:featuredmedia":[{"embeddable":true,"href":"https:\/\/synermont.com\/de\/wp-json\/wp\/v2\/media\/886"}],"wp:attachment":[{"href":"https:\/\/synermont.com\/de\/wp-json\/wp\/v2\/media?parent=922"}],"curies":[{"name":"wp","href":"https:\/\/api.w.org\/{rel}","templated":true}]}}