{"id":1128,"date":"2023-02-17T12:27:21","date_gmt":"2023-02-17T12:27:21","guid":{"rendered":"https:\/\/synermont.com\/?page_id=1128"},"modified":"2023-03-20T07:12:17","modified_gmt":"2023-03-20T07:12:17","slug":"kiszervezett-gyartopartner","status":"publish","type":"page","link":"https:\/\/synermont.com\/hu\/kiszervezett-gyartopartner\/","title":{"rendered":"Kiszervezett gy\u00e1rt\u00f3partner"},"content":{"rendered":"","protected":false},"excerpt":{"rendered":"","protected":false},"author":1,"featured_media":1004,"parent":0,"menu_order":0,"comment_status":"closed","ping_status":"closed","template":"page-templates\/landing.php","meta":{"_acf_changed":false,"footnotes":""},"class_list":["post-1128","page","type-page","status-publish","has-post-thumbnail","hentry"],"acf":[],"yoast_head":"<!-- This site is optimized with the Yoast SEO Premium plugin v22.1 (Yoast SEO v22.1) - https:\/\/yoast.com\/wordpress\/plugins\/seo\/ -->\n<title>Synermont b\u00e9rgy\u00e1rt\u00e1s | Kiszervezett gy\u00e1rt\u00f3partner<\/title>\n<meta name=\"description\" content=\"B\u00e9rgy\u00e1rt\u00e1s pr\u00e9mium \u00e9s hozz\u00e1adott \u00e9rt\u00e9k\u0171 term\u00e9keknek, ha a d\u00f6nt\u0151 t\u00e9nyez\u0151k a magas min\u0151s\u00e9g \u00e9s a rugalmass\u00e1g.\" \/>\n<meta name=\"robots\" content=\"index, follow, max-snippet:-1, max-image-preview:large, max-video-preview:-1\" \/>\n<link rel=\"canonical\" href=\"https:\/\/synermont.com\/hu\/kiszervezett-gyartopartner\/\" \/>\n<meta property=\"og:locale\" content=\"hu_HU\" \/>\n<meta property=\"og:type\" content=\"article\" \/>\n<meta property=\"og:title\" content=\"Synermont b\u00e9rgy\u00e1rt\u00e1s | Kiszervezett gy\u00e1rt\u00f3partner\" \/>\n<meta property=\"og:description\" content=\"B\u00e9rgy\u00e1rt\u00e1s pr\u00e9mium \u00e9s hozz\u00e1adott \u00e9rt\u00e9k\u0171 term\u00e9keknek, ha a d\u00f6nt\u0151 t\u00e9nyez\u0151k a magas min\u0151s\u00e9g \u00e9s a rugalmass\u00e1g.\" \/>\n<meta property=\"og:url\" content=\"https:\/\/synermont.com\/hu\/kiszervezett-gyartopartner\/\" \/>\n<meta property=\"og:site_name\" content=\"Synermont\" \/>\n<meta property=\"article:modified_time\" content=\"2023-03-20T07:12:17+00:00\" \/>\n<meta property=\"og:image\" content=\"https:\/\/synermont.com\/wp-content\/uploads\/2022\/10\/dsc07354-scaled.jpg\" \/>\n\t<meta property=\"og:image:width\" content=\"2560\" \/>\n\t<meta property=\"og:image:height\" content=\"1707\" \/>\n\t<meta property=\"og:image:type\" content=\"image\/jpeg\" \/>\n<meta name=\"twitter:card\" content=\"summary_large_image\" \/>\n<script type=\"application\/ld+json\" class=\"yoast-schema-graph\">{\"@context\":\"https:\/\/schema.org\",\"@graph\":[{\"@type\":\"WebPage\",\"@id\":\"https:\/\/synermont.com\/hu\/kiszervezett-gyartopartner\/\",\"url\":\"https:\/\/synermont.com\/hu\/kiszervezett-gyartopartner\/\",\"name\":\"Synermont b\u00e9rgy\u00e1rt\u00e1s | Kiszervezett gy\u00e1rt\u00f3partner\",\"isPartOf\":{\"@id\":\"https:\/\/synermont.com\/#website\"},\"datePublished\":\"2023-02-17T12:27:21+00:00\",\"dateModified\":\"2023-03-20T07:12:17+00:00\",\"description\":\"B\u00e9rgy\u00e1rt\u00e1s pr\u00e9mium \u00e9s hozz\u00e1adott \u00e9rt\u00e9k\u0171 term\u00e9keknek, ha a d\u00f6nt\u0151 t\u00e9nyez\u0151k a magas min\u0151s\u00e9g \u00e9s a rugalmass\u00e1g.\",\"inLanguage\":\"hu\",\"potentialAction\":[{\"@type\":\"ReadAction\",\"target\":[\"https:\/\/synermont.com\/hu\/kiszervezett-gyartopartner\/\"]}]},{\"@type\":\"WebSite\",\"@id\":\"https:\/\/synermont.com\/#website\",\"url\":\"https:\/\/synermont.com\/\",\"name\":\"Synermont\",\"description\":\"Contract Manufacturing\",\"publisher\":{\"@id\":\"https:\/\/synermont.com\/#organization\"},\"potentialAction\":[{\"@type\":\"SearchAction\",\"target\":{\"@type\":\"EntryPoint\",\"urlTemplate\":\"https:\/\/synermont.com\/?s={search_term_string}\"},\"query-input\":\"required name=search_term_string\"}],\"inLanguage\":\"hu\"},{\"@type\":\"Organization\",\"@id\":\"https:\/\/synermont.com\/#organization\",\"name\":\"Synermont\",\"url\":\"https:\/\/synermont.com\/\",\"logo\":{\"@type\":\"ImageObject\",\"inLanguage\":\"hu\",\"@id\":\"https:\/\/synermont.com\/#\/schema\/logo\/image\/\",\"url\":\"https:\/\/synermont.com\/wp-content\/uploads\/2021\/12\/synermont-logo-bright-base.png\",\"contentUrl\":\"https:\/\/synermont.com\/wp-content\/uploads\/2021\/12\/synermont-logo-bright-base.png\",\"width\":2507,\"height\":442,\"caption\":\"Synermont\"},\"image\":{\"@id\":\"https:\/\/synermont.com\/#\/schema\/logo\/image\/\"}}]}<\/script>\n<!-- \/ Yoast SEO Premium plugin. -->","yoast_head_json":{"title":"Synermont b\u00e9rgy\u00e1rt\u00e1s | Kiszervezett gy\u00e1rt\u00f3partner","description":"B\u00e9rgy\u00e1rt\u00e1s pr\u00e9mium \u00e9s hozz\u00e1adott \u00e9rt\u00e9k\u0171 term\u00e9keknek, ha a d\u00f6nt\u0151 t\u00e9nyez\u0151k a magas min\u0151s\u00e9g \u00e9s a rugalmass\u00e1g.","robots":{"index":"index","follow":"follow","max-snippet":"max-snippet:-1","max-image-preview":"max-image-preview:large","max-video-preview":"max-video-preview:-1"},"canonical":"https:\/\/synermont.com\/hu\/kiszervezett-gyartopartner\/","og_locale":"hu_HU","og_type":"article","og_title":"Synermont b\u00e9rgy\u00e1rt\u00e1s | Kiszervezett gy\u00e1rt\u00f3partner","og_description":"B\u00e9rgy\u00e1rt\u00e1s pr\u00e9mium \u00e9s hozz\u00e1adott \u00e9rt\u00e9k\u0171 term\u00e9keknek, ha a d\u00f6nt\u0151 t\u00e9nyez\u0151k a magas min\u0151s\u00e9g \u00e9s a rugalmass\u00e1g.","og_url":"https:\/\/synermont.com\/hu\/kiszervezett-gyartopartner\/","og_site_name":"Synermont","article_modified_time":"2023-03-20T07:12:17+00:00","og_image":[{"width":2560,"height":1707,"url":"https:\/\/synermont.com\/wp-content\/uploads\/2022\/10\/dsc07354-scaled.jpg","type":"image\/jpeg"}],"twitter_card":"summary_large_image","schema":{"@context":"https:\/\/schema.org","@graph":[{"@type":"WebPage","@id":"https:\/\/synermont.com\/hu\/kiszervezett-gyartopartner\/","url":"https:\/\/synermont.com\/hu\/kiszervezett-gyartopartner\/","name":"Synermont b\u00e9rgy\u00e1rt\u00e1s | Kiszervezett gy\u00e1rt\u00f3partner","isPartOf":{"@id":"https:\/\/synermont.com\/#website"},"datePublished":"2023-02-17T12:27:21+00:00","dateModified":"2023-03-20T07:12:17+00:00","description":"B\u00e9rgy\u00e1rt\u00e1s pr\u00e9mium \u00e9s hozz\u00e1adott \u00e9rt\u00e9k\u0171 term\u00e9keknek, ha a d\u00f6nt\u0151 t\u00e9nyez\u0151k a magas min\u0151s\u00e9g \u00e9s a rugalmass\u00e1g.","inLanguage":"hu","potentialAction":[{"@type":"ReadAction","target":["https:\/\/synermont.com\/hu\/kiszervezett-gyartopartner\/"]}]},{"@type":"WebSite","@id":"https:\/\/synermont.com\/#website","url":"https:\/\/synermont.com\/","name":"Synermont","description":"Contract Manufacturing","publisher":{"@id":"https:\/\/synermont.com\/#organization"},"potentialAction":[{"@type":"SearchAction","target":{"@type":"EntryPoint","urlTemplate":"https:\/\/synermont.com\/?s={search_term_string}"},"query-input":"required name=search_term_string"}],"inLanguage":"hu"},{"@type":"Organization","@id":"https:\/\/synermont.com\/#organization","name":"Synermont","url":"https:\/\/synermont.com\/","logo":{"@type":"ImageObject","inLanguage":"hu","@id":"https:\/\/synermont.com\/#\/schema\/logo\/image\/","url":"https:\/\/synermont.com\/wp-content\/uploads\/2021\/12\/synermont-logo-bright-base.png","contentUrl":"https:\/\/synermont.com\/wp-content\/uploads\/2021\/12\/synermont-logo-bright-base.png","width":2507,"height":442,"caption":"Synermont"},"image":{"@id":"https:\/\/synermont.com\/#\/schema\/logo\/image\/"}}]}},"_links":{"self":[{"href":"https:\/\/synermont.com\/hu\/wp-json\/wp\/v2\/pages\/1128","targetHints":{"allow":["GET"]}}],"collection":[{"href":"https:\/\/synermont.com\/hu\/wp-json\/wp\/v2\/pages"}],"about":[{"href":"https:\/\/synermont.com\/hu\/wp-json\/wp\/v2\/types\/page"}],"author":[{"embeddable":true,"href":"https:\/\/synermont.com\/hu\/wp-json\/wp\/v2\/users\/1"}],"replies":[{"embeddable":true,"href":"https:\/\/synermont.com\/hu\/wp-json\/wp\/v2\/comments?post=1128"}],"version-history":[{"count":6,"href":"https:\/\/synermont.com\/hu\/wp-json\/wp\/v2\/pages\/1128\/revisions"}],"predecessor-version":[{"id":1358,"href":"https:\/\/synermont.com\/hu\/wp-json\/wp\/v2\/pages\/1128\/revisions\/1358"}],"wp:featuredmedia":[{"embeddable":true,"href":"https:\/\/synermont.com\/hu\/wp-json\/wp\/v2\/media\/1004"}],"wp:attachment":[{"href":"https:\/\/synermont.com\/hu\/wp-json\/wp\/v2\/media?parent=1128"}],"curies":[{"name":"wp","href":"https:\/\/api.w.org\/{rel}","templated":true}]}}