{"id":234,"date":"2021-07-01T10:38:13","date_gmt":"2021-07-01T10:38:13","guid":{"rendered":"http:\/\/synermont.com\/?page_id=234"},"modified":"2021-12-22T13:39:53","modified_gmt":"2021-12-22T13:39:53","slug":"adatvedelmi-tajekoztato","status":"publish","type":"page","link":"https:\/\/synermont.com\/hu\/adatvedelmi-tajekoztato\/","title":{"rendered":"Adatv\u00e9delmi T\u00e1j\u00e9koztat\u00f3"},"content":{"rendered":"<p>A Synermont Z\u00e1rtk\u00f6r\u0171en M\u0171k\u00f6d\u0151 R\u00e9szv\u00e9nyt\u00e1rsas\u00e1g (\u201eAdatkezel\u0151\u201d) adatkezel\u00e9se sor\u00e1n az inform\u00e1ci\u00f3s \u00f6nrendelkez\u00e9si jogr\u00f3l \u00e9s az inform\u00e1ci\u00f3szabads\u00e1gr\u00f3l sz\u00f3l\u00f3 2011. \u00e9vi CXII. t\u00f6rv\u00e9ny (Info tv.) \u00e9s az Eur\u00f3pai Parlament \u00e9s a Tan\u00e1cs (EU) 2016\/679 sz\u00e1m\u00fa rendelete a term\u00e9szetes szem\u00e9lyeknek a szem\u00e9lyes adatok kezel\u00e9se tekintet\u00e9ben t\u00f6rt\u00e9n\u0151 v\u00e9delm\u00e9r\u0151l \u00e9s az ilyen adatok szabad \u00e1raml\u00e1s\u00e1r\u00f3l, valamint a 95\/46\/EK rendelet hat\u00e1lyon k\u00edv\u00fcl helyez\u00e9s\u00e9r\u0151l (\u00e1ltal\u00e1nos adatv\u00e9delmi rendelet, GDPR) rendelkez\u00e9seinek megfelel\u0151en j\u00e1r el a jelen t\u00e1j\u00e9koztat\u00f3ban foglaltak szerint.<\/p>\n<h3><strong>Fogalmak<\/strong><\/h3>\n<p>Szem\u00e9lyes adat: azonos\u00edtott vagy azonos\u00edthat\u00f3 term\u00e9szetes szem\u00e9lyre (\u201e\u00e9rintett\u201d) vonatkoz\u00f3 b\u00e1rmely inform\u00e1ci\u00f3; azonos\u00edthat\u00f3 az a term\u00e9szetes szem\u00e9ly, aki k\u00f6zvetlen vagy k\u00f6zvetett m\u00f3don, k\u00fcl\u00f6n\u00f6sen valamely azonos\u00edt\u00f3, p\u00e9ld\u00e1ul n\u00e9v, sz\u00e1m, helymeghat\u00e1roz\u00f3 adat, online azonos\u00edt\u00f3 vagy a term\u00e9szetes szem\u00e9ly testi, fiziol\u00f3giai, genetikai, szellemi, gazdas\u00e1gi, kultur\u00e1lis vagy szoci\u00e1lis azonoss\u00e1g\u00e1ra vonatkoz\u00f3 egy vagy t\u00f6bb t\u00e9nyez\u0151 alapj\u00e1n azonos\u00edthat\u00f3.<\/p>\n<p>Adatkezel\u00e9s: a szem\u00e9lyes adatokon vagy adat\u00e1llom\u00e1nyokon automatiz\u00e1lt vagy nem automatiz\u00e1lt m\u00f3don v\u00e9gzett b\u00e1rmely m\u0171velet vagy m\u0171veletek \u00f6sszess\u00e9ge, \u00edgy a gy\u0171jt\u00e9s, r\u00f6gz\u00edt\u00e9s, rendszerez\u00e9s, tagol\u00e1s, t\u00e1rol\u00e1s, \u00e1talak\u00edt\u00e1s vagy megv\u00e1ltoztat\u00e1s, lek\u00e9rdez\u00e9s, betekint\u00e9s, felhaszn\u00e1l\u00e1s, k\u00f6zl\u00e9s tov\u00e1bb\u00edt\u00e1s, terjeszt\u00e9s vagy egy\u00e9b m\u00f3don t\u00f6rt\u00e9n\u0151 hozz\u00e1f\u00e9rhet\u0151v\u00e9 t\u00e9tel \u00fatj\u00e1n, \u00f6sszehangol\u00e1s vagy \u00f6sszekapcsol\u00e1s, korl\u00e1toz\u00e1s, t\u00f6rl\u00e9s, illetve megsemmis\u00edt\u00e9s.<\/p>\n<p>Adatkezel\u0151: az a term\u00e9szetes vagy jogi szem\u00e9ly, k\u00f6zhatalmi szerv, \u00fcgyn\u00f6ks\u00e9g vagy b\u00e1rmely egy\u00e9b szerv, amely a szem\u00e9lyes adatok kezel\u00e9s\u00e9nek c\u00e9ljait \u00e9s eszk\u00f6zeit \u00f6n\u00e1ll\u00f3an vagy m\u00e1sokkal egy\u00fctt meghat\u00e1rozza; ha az adatkezel\u00e9s c\u00e9ljait \u00e9s eszk\u00f6zeit az uni\u00f3s vagy a tag\u00e1llami jog hat\u00e1rozza meg, az adatkezel\u0151t vagy az adatkezel\u0151 kijel\u00f6l\u00e9s\u00e9re vonatkoz\u00f3 k\u00fcl\u00f6n\u00f6s szempontokat az uni\u00f3s vagy a tag\u00e1llami jog is meghat\u00e1rozhatja, jelen esetben az Adatkezel\u0151 a Synermont Z\u00e1rtk\u00f6r\u0171en M\u0171k\u00f6d\u0151 R\u00e9szv\u00e9nyt\u00e1rsas\u00e1g.<\/p>\n<h3>1. Az Adatkezel\u0151 adatai<\/h3>\n<p>Synermont Z\u00e1rtk\u00f6r\u0171en M\u0171k\u00f6d\u0151 R\u00e9szv\u00e9nyt\u00e1rsas\u00e1g<br \/>\nSz\u00e9khely: 1054 Budapest, Zolt\u00e1n utca 6. 1. em. 7.<br \/>\nNyilv\u00e1ntart\u00e1si sz\u00e1ma: 01-10-141380<br \/>\nNyilv\u00e1ntart\u00f3 szervezet: F\u0151v\u00e1rosi T\u00f6rv\u00e9nysz\u00e9k C\u00e9gb\u00edr\u00f3s\u00e1ga<br \/>\nAd\u00f3sz\u00e1ma: 29273126-2-41<br \/>\nK\u00e9pviseli: Frei L\u00e1szl\u00f3n\u00e9 vez\u00e9rigazgat\u00f3<br \/>\nWeboldal: www.synermont.com<br \/>\nE-mail c\u00edm: info@synermont.com<br \/>\nTelefon: +36 30 108 6364<br \/>\nAz Adatkezel\u0151 a GDPR 37. cikke alapj\u00e1n nem k\u00f6teles adatv\u00e9delmi tisztvisel\u0151 kinevez\u00e9s\u00e9re.<\/p>\n<h3>2. Az adatkezel\u00e9s<\/h3>\n<p>Az Adatkezel\u0151 tev\u00e9kenys\u00e9ge sor\u00e1n munkav\u00e1llal\u00f3i, partnerei, kapcsolattart\u00f3i \u00e9s a weboldal\u00e1nak haszn\u00e1l\u00f3i adatait kezeli. A felhaszn\u00e1l\u00f3k \u00e1ltal megadott szem\u00e9lyes adatokhoz, valamint a technikai m\u0171k\u00f6d\u00e9s miatt automatikusan megismert adatokhoz kiz\u00e1r\u00f3lag az Adatkezel\u0151 szem\u00e9lyzete f\u00e9rhet hozz\u00e1.<\/p>\n<p>Az Adatkezel\u0151 gondoskodik az adatok biztons\u00e1g\u00e1r\u00f3l, \u00edgy k\u00fcl\u00f6n\u00f6sen a jogosulatlan hozz\u00e1f\u00e9r\u00e9s, megv\u00e1ltoztat\u00e1s \u00e9s nyilv\u00e1noss\u00e1gra hoz\u00e1s, t\u00f6rl\u00e9s tov\u00e1bb\u00e1 s\u00e9r\u00fcl\u00e9s vagy megsemmis\u00fcl\u00e9s elker\u00fcl\u00e9s\u00e9nek biztos\u00edt\u00e1s\u00e1r\u00f3l. Adatkezel\u0151 a kezelt szem\u00e9lyes adatokat elk\u00fcl\u00f6n\u00edtetten, nem b\u00e1rki sz\u00e1m\u00e1ra hozz\u00e1f\u00e9rhet\u0151 nyilv\u00e1ntart\u00e1sban vezeti, mely nyilv\u00e1ntart\u00e1s vezet\u00e9se, fel\u00fclvizsg\u00e1lata, aktualiz\u00e1l\u00e1sa, az esetleges adatkezel\u00e9ssel \u00f6sszef\u00fcgg\u0151 k\u00e9rd\u00e9sek, k\u00e9r\u00e9sek \u00e9s ig\u00e9nyek teljes\u00edt\u00e9se az Adatkezel\u0151 r\u00e9sz\u00e9r\u0151l arra jogosult szem\u00e9lyek feladat \u00e9s hat\u00e1sk\u00f6r\u00e9be tartozik. Adatkezel\u0151 ezen t\u00falmen\u0151en is k\u00f6telezi mag\u00e1t arra, hogy minden sz\u00fcks\u00e9ges int\u00e9zked\u00e9st megtegyen a szem\u00e9lyes adatok kezel\u00e9se jogszer\u0171s\u00e9g\u00e9nek meg\u0151rz\u00e9se \u00e9s fenntart\u00e1sa \u00e9rdek\u00e9ben. Adatkezel\u0151 a szem\u00e9lyes adatok v\u00e9delme \u00e9rdek\u00e9ben megtesz tov\u00e1bb\u00e1 minden sz\u00fcks\u00e9ges szervez\u00e9si \u00e9s technikai int\u00e9zked\u00e9st azok biztons\u00e1gos \u0151rz\u00e9se \u00e9s kezel\u00e9se \u00e9rdek\u00e9ben.<\/p>\n<p>Az Adatkezel\u0151 adatfeldolgoz\u00f3t nem vesz ig\u00e9nybe, az adatokat a Good Practice Kft-t\u0151l (9700 Szombathely, Perintparti s\u00e9t\u00e1ny 1. 4. em. 13., 18-09-113145) b\u00e9rlet szerveren t\u00e1rolja. A szerz\u0151d\u00e9sekkel, kifizet\u00e9sekkel, b\u00e9rsz\u00e1mfejt\u00e9ssel kapcsolatos adatok a K\u00f6nyVel\u00fcnk-KONTO Kft. (9400 Sopron, Leh\u00e1r Ferenc utca 66. f\u00f6ldszint 2., 08-09-031908), az Adatkezel\u0151 szerz\u0151d\u00e9ses partnere fel\u00e9 ker\u00fclnek tov\u00e1bb\u00edt\u00e1sra, aki a k\u00f6nyvel\u00e9si \u00e9s b\u00e9rsz\u00e1mfejt\u00e9si feladatokat v\u00e9gzi. Adattov\u00e1bb\u00edt\u00e1s harmadik orsz\u00e1gba nem t\u00f6rt\u00e9nik.<\/p>\n<p><strong>a) Munkav\u00e1llal\u00f3kkal kapcsolatos adatkezel\u00e9s<\/strong><\/p>\n<p>Az adatkezel\u00e9s c\u00e9lja: jogszab\u00e1lyi k\u00f6telezetts\u00e9gek teljes\u00edt\u00e9se (nyilv\u00e1ntart\u00e1s vezet\u00e9se, b\u00e9rsz\u00e1mfejt\u00e9s, stb.), munkaszerz\u0151d\u00e9sb\u0151l ered\u0151 k\u00f6telezetts\u00e9gek teljes\u00edt\u00e9se (b\u00e9rsz\u00e1mfejt\u00e9s, b\u00e9rfizet\u00e9s, munkaid\u0151- \u00e9s szabads\u00e1g-nyilv\u00e1ntart\u00e1s, stb.)<\/p>\n<p>A kezelt adatok k\u00f6re:<br \/>\n&#8211; szem\u00e9lyes adatok (n\u00e9v, sz\u00fclet\u00e9si id\u0151 \u00e9s hely, anyja neve, sz\u00fclet\u00e9si n\u00e9v, ad\u00f3azonos\u00edt\u00f3 jel, TAJ sz\u00e1m, szem\u00e9lyi azonos\u00edt\u00f3, igazolv\u00e1nyok sz\u00e1ma),<br \/>\n&#8211; az ad\u00f3bevall\u00e1shoz sz\u00fcks\u00e9ges adatok,<br \/>\n&#8211; a v\u00e9gzetts\u00e9gre vonatkoz\u00f3 adatok,<br \/>\n&#8211; a b\u00e9rsz\u00e1mfejt\u00e9shez sz\u00fcks\u00e9ges \u00e9s a b\u00e9rre vonatkoz\u00f3 adatok,<br \/>\n&#8211; csal\u00e1di ad\u00f3kedvezm\u00e9ny ig\u00e9nybev\u00e9tel\u00e9re vonatkoz\u00f3 adatok,<br \/>\n&#8211; foglalkoz\u00e1s eg\u00e9szs\u00e9g\u00fcgyi vizsg\u00e1latok eredm\u00e9ny\u00e9re vonatkoz\u00f3 adatok,<br \/>\n&#8211; k\u00e9pz\u00e9sek, bizony\u00edtv\u00e1nyok, v\u00e9gzetts\u00e9g \u00e9s annak eredm\u00e9ny\u00e9re vonatkoz\u00f3 adatok.<\/p>\n<p>Az adatkezel\u00e9s id\u0151tartama: egyes adatok tekintet\u00e9ben elt\u00e9r\u0151, a vonatkoz\u00f3 jogszab\u00e1lyi el\u0151\u00edr\u00e1soknak megfelel\u0151 id\u0151tartam (f\u0151szab\u00e1ly szerint 5 \u00e9v, egyes ad\u00f3\u00fcgyi bizonylatok tekintet\u00e9ben 8 \u00e9v)<\/p>\n<p>Az adatkezel\u00e9s jogalapja: az \u00e9rintett hozz\u00e1j\u00e1rul\u00e1sa (GDPR 6. cikk (1) bekezd\u00e9s a) pont), a munkaszerz\u0151d\u00e9s teljes\u00edt\u00e9se (GDPR 6. cikk (1) bekezd\u00e9s b) pont), az Adatkezel\u0151 jogi k\u00f6telezetts\u00e9g\u00e9nek teljes\u00edt\u00e9se (GDPR 6. cikk (1) bekezd\u00e9s c) pont), mely a munkav\u00e1llal\u00f3kkal kapcsolatos nyilv\u00e1ntart\u00e1si, bevall\u00e1si, b\u00e9rfizet\u00e9si k\u00f6telezetts\u00e9g<\/p>\n<p><strong>b) Partnerekkel \u00e9s kapcsolattart\u00f3kkal kapcsolatos adatkezel\u00e9s<\/strong><\/p>\n<p>Az adatkezel\u00e9s c\u00e9lja: partnerekkel val\u00f3 kapcsolattart\u00e1s, szerz\u0151d\u00e9ses k\u00f6telezetts\u00e9gek teljes\u00edt\u00e9se<\/p>\n<p>A kezelt adatok k\u00f6re: n\u00e9v, telefonsz\u00e1m, e-mail c\u00edm<\/p>\n<p>Az adatkezel\u00e9s id\u0151tartama: a jogviszony fenn\u00e1ll\u00e1s\u00e1t k\u00f6vet\u0151 5 \u00e9vig (el\u00e9v\u00fcl\u00e9si id\u0151)<\/p>\n<p>Az adatkezel\u00e9s jogalapja: a partnerekkel k\u00f6t\u00f6tt szerz\u0151d\u00e9sek teljes\u00edt\u00e9se (GDPR 6. cikk (1) bekezd\u00e9s b) pont) \u00e9s az Adatkezel\u0151 jogi k\u00f6telezetts\u00e9g\u00e9nek teljes\u00edt\u00e9se (GDPR 6. cikk (1) bekezd\u00e9s c) pont), p\u00e9ld\u00e1ul sz\u00e1ml\u00e1z\u00e1s, megrendel\u00e9sek \u00fcgyint\u00e9z\u00e9se, kapcsolattart\u00e1s, stb.<\/p>\n<p><strong>c) Weboldallal kapcsolatos adatkezel\u00e9s, cookie-k<\/strong><\/p>\n<p>Az Adatkezel\u0151 weboldal\u00e1n statisztikai okb\u00f3l r\u00f6gz\u00edti a l\u00e1togat\u00f3k IP c\u00edm\u00e9t, a weboldalra l\u00e1togat\u00f3k l\u00e1togat\u00e1s\u00e1nak kezd\u0151 \u00e9s befejez\u0151 id\u0151pontj\u00e1t, valamint a megtekintett oldalt, tov\u00e1bb\u00e1 a l\u00e1togat\u00f3 b\u00f6ng\u00e9sz\u0151j\u00e9nek, valamint oper\u00e1ci\u00f3s rendszer\u00e9nek t\u00edpus\u00e1t. Az adatok napl\u00f3z\u00e1s\u00e1t a weboldal automatikusan v\u00e9gzi el, \u00e9s azokat egy \u00e9vig t\u00e1rolja.<\/p>\n<p>Google Analitics cookie: Ezen cookie-k a Google \u00e1ltal biztos\u00edtottak, felhaszn\u00e1l\u00e1suk a Google Analytics rendszer\u00e9n kereszt\u00fcl t\u00f6rt\u00e9nik. A weboldal l\u00e1togat\u00e1sa sor\u00e1n r\u00f6gz\u00edt\u00e9sre ker\u00fcl a l\u00e1togat\u00f3k IP c\u00edme, a l\u00e1togat\u00e1s kezd\u0151 \u00e9s befejez\u0151 id\u0151pontja, megtekintett oldal adatai, tov\u00e1bb\u00e1 a l\u00e1togat\u00f3 b\u00f6ng\u00e9sz\u0151j\u00e9nek, valamint oper\u00e1ci\u00f3s rendszer\u00e9nek t\u00edpusa. A weboldal l\u00e1togat\u00e1s\u00e1val, annak egyes funkci\u00f3i haszn\u00e1lat\u00e1val \u00e9s a Cookie Szab\u00e1lyzat megfelel\u0151 elfogad\u00e1s\u00e1val a l\u00e1togat\u00f3 hozz\u00e1j\u00e1rul\u00e1s\u00e1t adja ahhoz, hogy az eml\u00edtett cookie-k a l\u00e1togat\u00f3 sz\u00e1m\u00edt\u00f3g\u00e9p\u00e9n t\u00e1rol\u00f3djanak \u00e9s ahhoz adatkezel\u0151 hozz\u00e1f\u00e9rhessen.<\/p>\n<p>A cookie-k 30 napig t\u00e1rol\u00f3dnak, a l\u00e1togat\u00f3 ugyanakkor b\u00f6ng\u00e9sz\u0151 program seg\u00edts\u00e9g\u00e9vel be\u00e1ll\u00edthatja \u00e9s megakad\u00e1lyozhatja a cookie-k t\u00e1rol\u00e1s\u00e1t. Felh\u00edvjuk azonban figyelm\u00e9t arra, hogy ez ut\u00f3bbi esetben, a cookie-k haszn\u00e1lata n\u00e9lk\u00fcl el\u0151fordulhat, hogy nem lesz k\u00e9pes haszn\u00e1lni a weboldal minden szolg\u00e1ltat\u00e1s\u00e1t. A cookie-t a l\u00e1togat\u00f3 k\u00e9pes t\u00f6r\u00f6lni saj\u00e1t sz\u00e1m\u00edt\u00f3g\u00e9p\u00e9r\u0151l, illetve be\u00e1ll\u00edthatja b\u00f6ng\u00e9sz\u0151j\u00e9t, hogy a cookie-k alkalmaz\u00e1s\u00e1t tiltsa.<\/p>\n<p>Facebook cookie: A Facebook olyan kism\u00e9ret\u0171 adatf\u00e1jlokat haszn\u00e1l, melyek seg\u00edts\u00e9g\u00e9vel az oldal tulajdonosa r\u00e9szletes t\u00e1j\u00e9koztat\u00e1st kap, a honlap l\u00e1togat\u00f3inak szem\u00e9lyre szabott hirdet\u00e9seket jelen\u00edthet meg. A Facebook adatkezel\u00e9si szab\u00e1lyzata \u00e9s cookie be\u00e1ll\u00edt\u00e1sok az al\u00e1bbi linken \u00e9rhet\u0151k el: https:\/\/www.facebook.com\/privacy\/explanation. Az \u00e9rintettek a Cookie Szab\u00e1lyzatban \u00e1ll\u00edthatj\u00e1k be a cookie adatkezel\u00e9st.<\/p>\n<p>A l\u00e1togat\u00e1s id\u0151pontja, az IP c\u00edm, valamint a b\u00f6ng\u00e9sz\u0151 \u00e9s oper\u00e1ci\u00f3s rendszer adatainak felv\u00e9tele \u00e9s t\u00e1rol\u00e1sa a rendszer m\u0171k\u00f6d\u00e9s\u00e9nek saj\u00e1toss\u00e1ga, kezel\u00e9s\u00fck technikailag elengedhetetlen, kiz\u00e1r\u00f3lag statisztikai c\u00e9lokb\u00f3l t\u00f6rt\u00e9nik.<\/p>\n<p>A session ID-k a b\u00f6ng\u00e9sz\u0151 bez\u00e1r\u00e1sakor automatikusan t\u00f6rl\u0151dnek. A felhaszn\u00e1l\u00f3 a saj\u00e1t cookie-j\u00e1t b\u00e1rmikor t\u00f6r\u00f6lheti. A cookie-k automatikusan t\u00f6rl\u0151dnek a b\u00f6ng\u00e9sz\u0151 be\u00e1ll\u00edt\u00e1s\u00e1t\u00f3l f\u00fcgg\u0151en.<\/p>\n<p>Az adatkezel\u00e9s jogalapja: az \u00e9rintett hozz\u00e1j\u00e1rul\u00e1sa (GDPR 6. cikk (1) bekezd\u00e9s a) pont), melyet az \u00e9rintett a weboldal haszn\u00e1lat\u00e1val ad meg, \u00e9s az Adatkezel\u0151 jogos \u00e9rdeke (GDPR 6. cikk (1) bekezd\u00e9s f) pont).<br \/>\n3. Az \u00e9rintettek adatkezel\u00e9ssel kapcsolatos jogai<\/p>\n<p>Az \u00e9rintett jogosult t\u00e1j\u00e9koztat\u00e1st k\u00e9rni a szem\u00e9lyes adatainak kezel\u00e9s\u00e9vel \u00f6sszef\u00fcgg\u0151en, mely adatkezel\u00e9sr\u0151l Adatkezel\u0151 felt\u00e9tlen, teljes k\u00f6r\u0171, t\u00f6m\u00f6r \u00e9s \u00e9rthet\u0151 t\u00e1j\u00e9koztat\u00e1st ny\u00fajt. Az \u00e9rintett jogosult arra, hogy az adatkezel\u0151t\u0151l visszajelz\u00e9st kapjon arra vonatkoz\u00f3an, hogy szem\u00e9lyes adatainak kezel\u00e9se folyamatban van-e, \u00e9s ha ilyen adatkezel\u00e9s folyamatban van, jogosult arra, hogy a szem\u00e9lyes adatokhoz \u00e9s a k\u00f6vetkez\u0151 inform\u00e1ci\u00f3khoz hozz\u00e1f\u00e9r\u00e9st kapjon az adatkezel\u00e9s c\u00e9lj\u00e1r\u00f3l, az adatkezel\u00e9s v\u00e1rhat\u00f3 id\u0151tartam\u00e1r\u00f3l, jogorvoslati jog\u00e1r\u00f3l, stb. (hozz\u00e1f\u00e9r\u00e9s).<\/p>\n<p>Az \u00e9rintett jogosult arra, hogy k\u00e9r\u00e9s\u00e9re az adatkezel\u0151 indokolatlan k\u00e9sedelem n\u00e9lk\u00fcl helyesb\u00edtse a r\u00e1 vonatkoz\u00f3 pontatlan szem\u00e9lyes adatokat. Figyelembe v\u00e9ve az adatkezel\u00e9s c\u00e9lj\u00e1t, az \u00e9rintett jogosult arra, hogy k\u00e9rje a hi\u00e1nyos szem\u00e9lyes adatok \u2013 egyebek mellett kieg\u00e9sz\u00edt\u0151 nyilatkozat \u00fatj\u00e1n t\u00f6rt\u00e9n\u0151 \u2013 kieg\u00e9sz\u00edt\u00e9s\u00e9t. Az \u00e9rintett jogosult arra, hogy k\u00e9r\u00e9s\u00e9re az adatkezel\u0151 indokolatlan k\u00e9sedelem n\u00e9lk\u00fcl t\u00f6r\u00f6lje a r\u00e1 vonatkoz\u00f3 szem\u00e9lyes adatokat, az adatkezel\u0151 pedig k\u00f6teles arra, hogy az \u00e9rintettre vonatkoz\u00f3 szem\u00e9lyes adatokat indokolatlan k\u00e9sedelem n\u00e9lk\u00fcl t\u00f6r\u00f6lje, ha a GDPR 17. cikk\u00e9ben foglaltak fenn\u00e1llnak. Az \u00e9rintett tiltakozhat szem\u00e9lyes adatai kezel\u00e9se ellen \u00e9s e k\u00f6rben is k\u00e9rheti adatai helyesb\u00edt\u00e9s\u00e9t, illetve t\u00f6rl\u00e9s\u00e9t az Adatkezel\u0151t\u0151l (helyesb\u00edt\u00e9s, t\u00f6rl\u00e9s, tiltakoz\u00e1s).<\/p>\n<p>Az \u00e9rintett jogosult arra, hogy a r\u00e1 vonatkoz\u00f3, \u00e1ltala egy adatkezel\u0151 rendelkez\u00e9s\u00e9re bocs\u00e1tott szem\u00e9lyes adatokat tagolt, sz\u00e9les k\u00f6rben haszn\u00e1lt, g\u00e9ppel olvashat\u00f3 form\u00e1tumban megkapja, tov\u00e1bb\u00e1 jogosult arra, hogy ezeket az adatokat egy m\u00e1sik adatkezel\u0151nek tov\u00e1bb\u00edtsa an\u00e9lk\u00fcl, hogy ezt akad\u00e1lyozn\u00e1 az az adatkezel\u0151, amelynek a szem\u00e9lyes adatokat a rendelkez\u00e9s\u00e9re bocs\u00e1totta (hordozhat\u00f3s\u00e1g). E k\u00f6telezetts\u00e9g\u00e9nek az Adatkezel\u0151 a k\u00e9r\u00e9st k\u00f6vet\u0151 30 napon bel\u00fcl tesz eleget.<\/p>\n<h3>4. Jog\u00e9rv\u00e9nyes\u00edt\u00e9s, jogorvoslat<\/h3>\n<p>Adatkezel\u0151 felh\u00edvja az \u00e9rintettek figyelm\u00e9t arra, hogy amennyiben az \u00e9rintett \u00fagy \u00edt\u00e9li meg, hogy Adatkezel\u0151 tev\u00e9kenys\u00e9g\u00e9vel vagy mulaszt\u00e1s\u00e1val jogs\u00e9rt\u00e9st k\u00f6vetett el \u2013 ide\u00e9rtve a szem\u00e9lyes adatok kezel\u00e9s\u00e9vel vagy \u00e9rintett jogainak gyakorl\u00e1s\u00e1val \u2013 \u00f6sszef\u00fcgg\u0151 jogs\u00e9rt\u00e9seket, \u00fagy jogosult kezdem\u00e9nyezni a fel\u00fcgyeleti hat\u00f3s\u00e1g elj\u00e1r\u00e1s\u00e1nak lefolytat\u00e1s\u00e1t. A fel\u00fcgyeleti hat\u00f3s\u00e1g, azaz a Nemzeti Adatv\u00e9delmi \u00e9s Inform\u00e1ci\u00f3szabads\u00e1g Hat\u00f3s\u00e1g (NAIH) el\u00e9rhet\u0151s\u00e9gei az al\u00e1bbiak:<\/p>\n<p>A Hat\u00f3s\u00e1g el\u00e9rhet\u0151s\u00e9gei:<br \/>\nC\u00edm: H-1125 Budapest, Szil\u00e1gyi Erzs\u00e9bet fasor 22\/C.<br \/>\nTelefonsz\u00e1m: +36 (1) 391-1400<br \/>\nFax: +36 (1) 391-1410<br \/>\nE-mail c\u00edm: ugyfelszolgalat@naih.hu<br \/>\nWeboldal www.naih.hu<\/p>\n<p>B\u00edr\u00f3s\u00e1gi \u00fat: az adatv\u00e9delmi perek elb\u00edr\u00e1l\u00e1sa a t\u00f6rv\u00e9nysz\u00e9k hat\u00e1sk\u00f6r\u00e9be tartozik. A per \u2013 az \u00e9rintett v\u00e1laszt\u00e1sa szerint \u2013 az \u00e9rintett lak\u00f3helye vagy tart\u00f3zkod\u00e1si helye szerinti t\u00f6rv\u00e9nysz\u00e9k el\u0151tt is megind\u00edthat\u00f3.<\/p>\n<h3>5. Egy\u00e9b rendelkez\u00e9sek<\/h3>\n<p>Az Adatkezel\u0151 fenntartja a jogot, hogy a jelen dokumentumban foglalt adatv\u00e9delem k\u00f6r\u00e9ben alkalmazott szab\u00e1lyait megv\u00e1ltoztassa. Erre k\u00fcl\u00f6n\u00f6sen akkor ker\u00fclhet sor, ha a szolg\u00e1ltat\u00e1sok k\u00f6re b\u0151v\u00fcl, vagy ha jogszab\u00e1ly azt k\u00f6telez\u0151v\u00e9 teszi. Az adatkezel\u00e9s megv\u00e1ltoz\u00e1sa nem jelentheti a szem\u00e9lyes adatok c\u00e9lt\u00f3l elt\u00e9r\u0151 kezel\u00e9s\u00e9t. Az erre vonatkoz\u00f3 t\u00e1j\u00e9koztat\u00e1st az adatkezel\u0151 15 nappal el\u0151re k\u00f6zz\u00e9teszi honlapj\u00e1n.<\/p>\n","protected":false},"excerpt":{"rendered":"<p>A Synermont Z\u00e1rtk\u00f6r\u0171en M\u0171k\u00f6d\u0151 R\u00e9szv\u00e9nyt\u00e1rsas\u00e1g (\u201eAdatkezel\u0151\u201d) adatkezel\u00e9se sor\u00e1n az inform\u00e1ci\u00f3s \u00f6nrendelkez\u00e9si jogr\u00f3l \u00e9s az inform\u00e1ci\u00f3szabads\u00e1gr\u00f3l sz\u00f3l\u00f3 2011. \u00e9vi CXII. t\u00f6rv\u00e9ny (Info tv.) \u00e9s az Eur\u00f3pai Parlament \u00e9s a Tan\u00e1cs (EU) 2016\/679 sz\u00e1m\u00fa rendelete a term\u00e9szetes szem\u00e9lyeknek a szem\u00e9lyes adatok kezel\u00e9se tekintet\u00e9ben t\u00f6rt\u00e9n\u0151 v\u00e9delm\u00e9r\u0151l \u00e9s az ilyen adatok szabad \u00e1raml\u00e1s\u00e1r\u00f3l, valamint a 95\/46\/EK rendelet hat\u00e1lyon k\u00edv\u00fcl [&hellip;]<\/p>\n","protected":false},"author":1,"featured_media":0,"parent":0,"menu_order":0,"comment_status":"closed","ping_status":"closed","template":"","meta":{"_acf_changed":false,"footnotes":""},"class_list":["post-234","page","type-page","status-publish","hentry"],"acf":[],"yoast_head":"<!-- This site is optimized with the Yoast SEO Premium plugin v22.1 (Yoast SEO v22.1) - https:\/\/yoast.com\/wordpress\/plugins\/seo\/ -->\n<title>Adatv\u00e9delmi T\u00e1j\u00e9koztat\u00f3 - Synermont<\/title>\n<meta name=\"robots\" content=\"index, follow, max-snippet:-1, max-image-preview:large, max-video-preview:-1\" \/>\n<link rel=\"canonical\" href=\"https:\/\/synermont.com\/hu\/adatvedelmi-tajekoztato\/\" \/>\n<meta property=\"og:locale\" content=\"hu_HU\" \/>\n<meta property=\"og:type\" content=\"article\" \/>\n<meta property=\"og:title\" content=\"Adatv\u00e9delmi T\u00e1j\u00e9koztat\u00f3 - Synermont\" \/>\n<meta property=\"og:description\" content=\"A Synermont Z\u00e1rtk\u00f6r\u0171en M\u0171k\u00f6d\u0151 R\u00e9szv\u00e9nyt\u00e1rsas\u00e1g (\u201eAdatkezel\u0151\u201d) adatkezel\u00e9se sor\u00e1n az inform\u00e1ci\u00f3s \u00f6nrendelkez\u00e9si jogr\u00f3l \u00e9s az inform\u00e1ci\u00f3szabads\u00e1gr\u00f3l sz\u00f3l\u00f3 2011. \u00e9vi CXII. t\u00f6rv\u00e9ny (Info tv.) \u00e9s az Eur\u00f3pai Parlament \u00e9s a Tan\u00e1cs (EU) 2016\/679 sz\u00e1m\u00fa rendelete a term\u00e9szetes szem\u00e9lyeknek a szem\u00e9lyes adatok kezel\u00e9se tekintet\u00e9ben t\u00f6rt\u00e9n\u0151 v\u00e9delm\u00e9r\u0151l \u00e9s az ilyen adatok szabad \u00e1raml\u00e1s\u00e1r\u00f3l, valamint a 95\/46\/EK rendelet hat\u00e1lyon k\u00edv\u00fcl [&hellip;]\" \/>\n<meta property=\"og:url\" content=\"https:\/\/synermont.com\/hu\/adatvedelmi-tajekoztato\/\" \/>\n<meta property=\"og:site_name\" content=\"Synermont\" \/>\n<meta property=\"article:modified_time\" content=\"2021-12-22T13:39:53+00:00\" \/>\n<meta name=\"twitter:card\" content=\"summary_large_image\" \/>\n<meta name=\"twitter:label1\" content=\"Becs\u00fclt olvas\u00e1si id\u0151\" \/>\n\t<meta name=\"twitter:data1\" content=\"7 perc\" \/>\n<script type=\"application\/ld+json\" class=\"yoast-schema-graph\">{\"@context\":\"https:\/\/schema.org\",\"@graph\":[{\"@type\":\"WebPage\",\"@id\":\"https:\/\/synermont.com\/hu\/adatvedelmi-tajekoztato\/\",\"url\":\"https:\/\/synermont.com\/hu\/adatvedelmi-tajekoztato\/\",\"name\":\"Adatv\u00e9delmi T\u00e1j\u00e9koztat\u00f3 - Synermont\",\"isPartOf\":{\"@id\":\"https:\/\/synermont.com\/#website\"},\"datePublished\":\"2021-07-01T10:38:13+00:00\",\"dateModified\":\"2021-12-22T13:39:53+00:00\",\"inLanguage\":\"hu\",\"potentialAction\":[{\"@type\":\"ReadAction\",\"target\":[\"https:\/\/synermont.com\/hu\/adatvedelmi-tajekoztato\/\"]}]},{\"@type\":\"WebSite\",\"@id\":\"https:\/\/synermont.com\/#website\",\"url\":\"https:\/\/synermont.com\/\",\"name\":\"Synermont\",\"description\":\"Contract Manufacturing\",\"publisher\":{\"@id\":\"https:\/\/synermont.com\/#organization\"},\"potentialAction\":[{\"@type\":\"SearchAction\",\"target\":{\"@type\":\"EntryPoint\",\"urlTemplate\":\"https:\/\/synermont.com\/?s={search_term_string}\"},\"query-input\":\"required name=search_term_string\"}],\"inLanguage\":\"hu\"},{\"@type\":\"Organization\",\"@id\":\"https:\/\/synermont.com\/#organization\",\"name\":\"Synermont\",\"url\":\"https:\/\/synermont.com\/\",\"logo\":{\"@type\":\"ImageObject\",\"inLanguage\":\"hu\",\"@id\":\"https:\/\/synermont.com\/#\/schema\/logo\/image\/\",\"url\":\"https:\/\/synermont.com\/wp-content\/uploads\/2021\/12\/synermont-logo-bright-base.png\",\"contentUrl\":\"https:\/\/synermont.com\/wp-content\/uploads\/2021\/12\/synermont-logo-bright-base.png\",\"width\":2507,\"height\":442,\"caption\":\"Synermont\"},\"image\":{\"@id\":\"https:\/\/synermont.com\/#\/schema\/logo\/image\/\"}}]}<\/script>\n<!-- \/ Yoast SEO Premium plugin. -->","yoast_head_json":{"title":"Adatv\u00e9delmi T\u00e1j\u00e9koztat\u00f3 - Synermont","robots":{"index":"index","follow":"follow","max-snippet":"max-snippet:-1","max-image-preview":"max-image-preview:large","max-video-preview":"max-video-preview:-1"},"canonical":"https:\/\/synermont.com\/hu\/adatvedelmi-tajekoztato\/","og_locale":"hu_HU","og_type":"article","og_title":"Adatv\u00e9delmi T\u00e1j\u00e9koztat\u00f3 - Synermont","og_description":"A Synermont Z\u00e1rtk\u00f6r\u0171en M\u0171k\u00f6d\u0151 R\u00e9szv\u00e9nyt\u00e1rsas\u00e1g (\u201eAdatkezel\u0151\u201d) adatkezel\u00e9se sor\u00e1n az inform\u00e1ci\u00f3s \u00f6nrendelkez\u00e9si jogr\u00f3l \u00e9s az inform\u00e1ci\u00f3szabads\u00e1gr\u00f3l sz\u00f3l\u00f3 2011. \u00e9vi CXII. t\u00f6rv\u00e9ny (Info tv.) \u00e9s az Eur\u00f3pai Parlament \u00e9s a Tan\u00e1cs (EU) 2016\/679 sz\u00e1m\u00fa rendelete a term\u00e9szetes szem\u00e9lyeknek a szem\u00e9lyes adatok kezel\u00e9se tekintet\u00e9ben t\u00f6rt\u00e9n\u0151 v\u00e9delm\u00e9r\u0151l \u00e9s az ilyen adatok szabad \u00e1raml\u00e1s\u00e1r\u00f3l, valamint a 95\/46\/EK rendelet hat\u00e1lyon k\u00edv\u00fcl [&hellip;]","og_url":"https:\/\/synermont.com\/hu\/adatvedelmi-tajekoztato\/","og_site_name":"Synermont","article_modified_time":"2021-12-22T13:39:53+00:00","twitter_card":"summary_large_image","twitter_misc":{"Becs\u00fclt olvas\u00e1si id\u0151":"7 perc"},"schema":{"@context":"https:\/\/schema.org","@graph":[{"@type":"WebPage","@id":"https:\/\/synermont.com\/hu\/adatvedelmi-tajekoztato\/","url":"https:\/\/synermont.com\/hu\/adatvedelmi-tajekoztato\/","name":"Adatv\u00e9delmi T\u00e1j\u00e9koztat\u00f3 - Synermont","isPartOf":{"@id":"https:\/\/synermont.com\/#website"},"datePublished":"2021-07-01T10:38:13+00:00","dateModified":"2021-12-22T13:39:53+00:00","inLanguage":"hu","potentialAction":[{"@type":"ReadAction","target":["https:\/\/synermont.com\/hu\/adatvedelmi-tajekoztato\/"]}]},{"@type":"WebSite","@id":"https:\/\/synermont.com\/#website","url":"https:\/\/synermont.com\/","name":"Synermont","description":"Contract Manufacturing","publisher":{"@id":"https:\/\/synermont.com\/#organization"},"potentialAction":[{"@type":"SearchAction","target":{"@type":"EntryPoint","urlTemplate":"https:\/\/synermont.com\/?s={search_term_string}"},"query-input":"required name=search_term_string"}],"inLanguage":"hu"},{"@type":"Organization","@id":"https:\/\/synermont.com\/#organization","name":"Synermont","url":"https:\/\/synermont.com\/","logo":{"@type":"ImageObject","inLanguage":"hu","@id":"https:\/\/synermont.com\/#\/schema\/logo\/image\/","url":"https:\/\/synermont.com\/wp-content\/uploads\/2021\/12\/synermont-logo-bright-base.png","contentUrl":"https:\/\/synermont.com\/wp-content\/uploads\/2021\/12\/synermont-logo-bright-base.png","width":2507,"height":442,"caption":"Synermont"},"image":{"@id":"https:\/\/synermont.com\/#\/schema\/logo\/image\/"}}]}},"_links":{"self":[{"href":"https:\/\/synermont.com\/hu\/wp-json\/wp\/v2\/pages\/234","targetHints":{"allow":["GET"]}}],"collection":[{"href":"https:\/\/synermont.com\/hu\/wp-json\/wp\/v2\/pages"}],"about":[{"href":"https:\/\/synermont.com\/hu\/wp-json\/wp\/v2\/types\/page"}],"author":[{"embeddable":true,"href":"https:\/\/synermont.com\/hu\/wp-json\/wp\/v2\/users\/1"}],"replies":[{"embeddable":true,"href":"https:\/\/synermont.com\/hu\/wp-json\/wp\/v2\/comments?post=234"}],"version-history":[{"count":5,"href":"https:\/\/synermont.com\/hu\/wp-json\/wp\/v2\/pages\/234\/revisions"}],"predecessor-version":[{"id":457,"href":"https:\/\/synermont.com\/hu\/wp-json\/wp\/v2\/pages\/234\/revisions\/457"}],"wp:attachment":[{"href":"https:\/\/synermont.com\/hu\/wp-json\/wp\/v2\/media?parent=234"}],"curies":[{"name":"wp","href":"https:\/\/api.w.org\/{rel}","templated":true}]}}