{"id":519,"date":"2021-12-25T20:27:02","date_gmt":"2021-12-25T20:27:02","guid":{"rendered":"https:\/\/synermont.com\/?page_id=519"},"modified":"2021-12-29T14:08:18","modified_gmt":"2021-12-29T14:08:18","slug":"manufacturing-hub-for-startups","status":"publish","type":"page","link":"https:\/\/synermont.com\/hu\/manufacturing-hub-for-startups\/","title":{"rendered":"Manufacturing HUB Startup c\u00e9geknek"},"content":{"rendered":"","protected":false},"excerpt":{"rendered":"","protected":false},"author":3,"featured_media":507,"parent":0,"menu_order":0,"comment_status":"closed","ping_status":"closed","template":"page-templates\/services.php","meta":{"_acf_changed":false,"footnotes":""},"class_list":["post-519","page","type-page","status-publish","has-post-thumbnail","hentry"],"acf":[],"yoast_head":"<!-- This site is optimized with the Yoast SEO Premium plugin v22.1 (Yoast SEO v22.1) - https:\/\/yoast.com\/wordpress\/plugins\/seo\/ -->\n<title>Manufacturing HUB Startup c\u00e9geknek - Synermont<\/title>\n<meta name=\"description\" content=\"Teljesk\u00f6r\u0171 megold\u00e1sok gazdas\u00e1gi \u00e9s strat\u00e9gia szempontb\u00f3l hat\u00e9kony termel\u00e9s kiszervez\u00e9shez. Szakter\u00fclet\u00fcnk a komplett b\u00e9rgy\u00e1rt\u00e1si projektek megval\u00f3s\u00edt\u00e1sa\" \/>\n<meta name=\"robots\" content=\"index, follow, max-snippet:-1, max-image-preview:large, max-video-preview:-1\" \/>\n<link rel=\"canonical\" href=\"https:\/\/synermont.com\/hu\/manufacturing-hub-for-startups\/\" \/>\n<meta property=\"og:locale\" content=\"hu_HU\" \/>\n<meta property=\"og:type\" content=\"article\" \/>\n<meta property=\"og:title\" content=\"Manufacturing HUB Startup c\u00e9geknek - Synermont\" \/>\n<meta property=\"og:description\" content=\"Teljesk\u00f6r\u0171 megold\u00e1sok gazdas\u00e1gi \u00e9s strat\u00e9gia szempontb\u00f3l hat\u00e9kony termel\u00e9s kiszervez\u00e9shez. Szakter\u00fclet\u00fcnk a komplett b\u00e9rgy\u00e1rt\u00e1si projektek megval\u00f3s\u00edt\u00e1sa\" \/>\n<meta property=\"og:url\" content=\"https:\/\/synermont.com\/hu\/manufacturing-hub-for-startups\/\" \/>\n<meta property=\"og:site_name\" content=\"Synermont\" \/>\n<meta property=\"article:modified_time\" content=\"2021-12-29T14:08:18+00:00\" \/>\n<meta property=\"og:image\" content=\"https:\/\/synermont.com\/wp-content\/uploads\/2021\/12\/lohnfertigung-fuer-startups-scaled.jpg\" \/>\n\t<meta property=\"og:image:width\" content=\"2560\" \/>\n\t<meta property=\"og:image:height\" content=\"1707\" \/>\n\t<meta property=\"og:image:type\" content=\"image\/jpeg\" \/>\n<meta name=\"twitter:card\" content=\"summary_large_image\" \/>\n<script type=\"application\/ld+json\" class=\"yoast-schema-graph\">{\"@context\":\"https:\/\/schema.org\",\"@graph\":[{\"@type\":\"WebPage\",\"@id\":\"https:\/\/synermont.com\/hu\/manufacturing-hub-for-startups\/\",\"url\":\"https:\/\/synermont.com\/hu\/manufacturing-hub-for-startups\/\",\"name\":\"Manufacturing HUB Startup c\u00e9geknek - Synermont\",\"isPartOf\":{\"@id\":\"https:\/\/synermont.com\/#website\"},\"datePublished\":\"2021-12-25T20:27:02+00:00\",\"dateModified\":\"2021-12-29T14:08:18+00:00\",\"description\":\"Teljesk\u00f6r\u0171 megold\u00e1sok gazdas\u00e1gi \u00e9s strat\u00e9gia szempontb\u00f3l hat\u00e9kony termel\u00e9s kiszervez\u00e9shez. Szakter\u00fclet\u00fcnk a komplett b\u00e9rgy\u00e1rt\u00e1si projektek megval\u00f3s\u00edt\u00e1sa\",\"inLanguage\":\"hu\",\"potentialAction\":[{\"@type\":\"ReadAction\",\"target\":[\"https:\/\/synermont.com\/hu\/manufacturing-hub-for-startups\/\"]}]},{\"@type\":\"WebSite\",\"@id\":\"https:\/\/synermont.com\/#website\",\"url\":\"https:\/\/synermont.com\/\",\"name\":\"Synermont\",\"description\":\"Contract Manufacturing\",\"publisher\":{\"@id\":\"https:\/\/synermont.com\/#organization\"},\"potentialAction\":[{\"@type\":\"SearchAction\",\"target\":{\"@type\":\"EntryPoint\",\"urlTemplate\":\"https:\/\/synermont.com\/?s={search_term_string}\"},\"query-input\":\"required name=search_term_string\"}],\"inLanguage\":\"hu\"},{\"@type\":\"Organization\",\"@id\":\"https:\/\/synermont.com\/#organization\",\"name\":\"Synermont\",\"url\":\"https:\/\/synermont.com\/\",\"logo\":{\"@type\":\"ImageObject\",\"inLanguage\":\"hu\",\"@id\":\"https:\/\/synermont.com\/#\/schema\/logo\/image\/\",\"url\":\"https:\/\/synermont.com\/wp-content\/uploads\/2021\/12\/synermont-logo-bright-base.png\",\"contentUrl\":\"https:\/\/synermont.com\/wp-content\/uploads\/2021\/12\/synermont-logo-bright-base.png\",\"width\":2507,\"height\":442,\"caption\":\"Synermont\"},\"image\":{\"@id\":\"https:\/\/synermont.com\/#\/schema\/logo\/image\/\"}}]}<\/script>\n<!-- \/ Yoast SEO Premium plugin. -->","yoast_head_json":{"title":"Manufacturing HUB Startup c\u00e9geknek - Synermont","description":"Teljesk\u00f6r\u0171 megold\u00e1sok gazdas\u00e1gi \u00e9s strat\u00e9gia szempontb\u00f3l hat\u00e9kony termel\u00e9s kiszervez\u00e9shez. Szakter\u00fclet\u00fcnk a komplett b\u00e9rgy\u00e1rt\u00e1si projektek megval\u00f3s\u00edt\u00e1sa","robots":{"index":"index","follow":"follow","max-snippet":"max-snippet:-1","max-image-preview":"max-image-preview:large","max-video-preview":"max-video-preview:-1"},"canonical":"https:\/\/synermont.com\/hu\/manufacturing-hub-for-startups\/","og_locale":"hu_HU","og_type":"article","og_title":"Manufacturing HUB Startup c\u00e9geknek - Synermont","og_description":"Teljesk\u00f6r\u0171 megold\u00e1sok gazdas\u00e1gi \u00e9s strat\u00e9gia szempontb\u00f3l hat\u00e9kony termel\u00e9s kiszervez\u00e9shez. Szakter\u00fclet\u00fcnk a komplett b\u00e9rgy\u00e1rt\u00e1si projektek megval\u00f3s\u00edt\u00e1sa","og_url":"https:\/\/synermont.com\/hu\/manufacturing-hub-for-startups\/","og_site_name":"Synermont","article_modified_time":"2021-12-29T14:08:18+00:00","og_image":[{"width":2560,"height":1707,"url":"https:\/\/synermont.com\/wp-content\/uploads\/2021\/12\/lohnfertigung-fuer-startups-scaled.jpg","type":"image\/jpeg"}],"twitter_card":"summary_large_image","schema":{"@context":"https:\/\/schema.org","@graph":[{"@type":"WebPage","@id":"https:\/\/synermont.com\/hu\/manufacturing-hub-for-startups\/","url":"https:\/\/synermont.com\/hu\/manufacturing-hub-for-startups\/","name":"Manufacturing HUB Startup c\u00e9geknek - Synermont","isPartOf":{"@id":"https:\/\/synermont.com\/#website"},"datePublished":"2021-12-25T20:27:02+00:00","dateModified":"2021-12-29T14:08:18+00:00","description":"Teljesk\u00f6r\u0171 megold\u00e1sok gazdas\u00e1gi \u00e9s strat\u00e9gia szempontb\u00f3l hat\u00e9kony termel\u00e9s kiszervez\u00e9shez. Szakter\u00fclet\u00fcnk a komplett b\u00e9rgy\u00e1rt\u00e1si projektek megval\u00f3s\u00edt\u00e1sa","inLanguage":"hu","potentialAction":[{"@type":"ReadAction","target":["https:\/\/synermont.com\/hu\/manufacturing-hub-for-startups\/"]}]},{"@type":"WebSite","@id":"https:\/\/synermont.com\/#website","url":"https:\/\/synermont.com\/","name":"Synermont","description":"Contract Manufacturing","publisher":{"@id":"https:\/\/synermont.com\/#organization"},"potentialAction":[{"@type":"SearchAction","target":{"@type":"EntryPoint","urlTemplate":"https:\/\/synermont.com\/?s={search_term_string}"},"query-input":"required name=search_term_string"}],"inLanguage":"hu"},{"@type":"Organization","@id":"https:\/\/synermont.com\/#organization","name":"Synermont","url":"https:\/\/synermont.com\/","logo":{"@type":"ImageObject","inLanguage":"hu","@id":"https:\/\/synermont.com\/#\/schema\/logo\/image\/","url":"https:\/\/synermont.com\/wp-content\/uploads\/2021\/12\/synermont-logo-bright-base.png","contentUrl":"https:\/\/synermont.com\/wp-content\/uploads\/2021\/12\/synermont-logo-bright-base.png","width":2507,"height":442,"caption":"Synermont"},"image":{"@id":"https:\/\/synermont.com\/#\/schema\/logo\/image\/"}}]}},"_links":{"self":[{"href":"https:\/\/synermont.com\/hu\/wp-json\/wp\/v2\/pages\/519","targetHints":{"allow":["GET"]}}],"collection":[{"href":"https:\/\/synermont.com\/hu\/wp-json\/wp\/v2\/pages"}],"about":[{"href":"https:\/\/synermont.com\/hu\/wp-json\/wp\/v2\/types\/page"}],"author":[{"embeddable":true,"href":"https:\/\/synermont.com\/hu\/wp-json\/wp\/v2\/users\/3"}],"replies":[{"embeddable":true,"href":"https:\/\/synermont.com\/hu\/wp-json\/wp\/v2\/comments?post=519"}],"version-history":[{"count":9,"href":"https:\/\/synermont.com\/hu\/wp-json\/wp\/v2\/pages\/519\/revisions"}],"predecessor-version":[{"id":636,"href":"https:\/\/synermont.com\/hu\/wp-json\/wp\/v2\/pages\/519\/revisions\/636"}],"wp:featuredmedia":[{"embeddable":true,"href":"https:\/\/synermont.com\/hu\/wp-json\/wp\/v2\/media\/507"}],"wp:attachment":[{"href":"https:\/\/synermont.com\/hu\/wp-json\/wp\/v2\/media?parent=519"}],"curies":[{"name":"wp","href":"https:\/\/api.w.org\/{rel}","templated":true}]}}