{"id":575,"date":"2021-12-26T11:14:28","date_gmt":"2021-12-26T11:14:28","guid":{"rendered":"https:\/\/synermont.com\/imprint\/"},"modified":"2025-04-14T13:11:33","modified_gmt":"2025-04-14T11:11:33","slug":"impresszum","status":"publish","type":"page","link":"https:\/\/synermont.com\/hu\/impresszum\/","title":{"rendered":"Impresszum"},"content":{"rendered":"<p>&nbsp;<\/p>\n<h6><\/h6>\n<h6><strong>Synermont Zrt<\/strong><\/h6>\n<h6>HU-9400 Sopron,\u00a0 Gy\u0151ri \u00fat 42.<\/h6>\n<h6>Phone: +36 30 108 6364<\/h6>\n<p>&nbsp;<\/p>\n<h6>www.synermont.com<\/h6>\n<h6>info@synermont.com<\/h6>\n<p>&nbsp;<\/p>\n<h6>C\u00e9gjegyz\u00e9ksz\u00e1m: 01-10-141380<\/h6>\n<p>Ad\u00f3sz\u00e1m: HU29273126<\/p>\n<p>T\u00e1rsas\u00e1g jogi form\u00e1ja: Z\u00e1rtk\u00f6r\u0171 r\u00e9szv\u00e9nyt\u00e1rsas\u00e1g<\/p>\n<p>C\u00e9gb\u00edr\u00f3s\u00e1g: F\u0151v\u00e1rosi T\u00f6rv\u00e9nysz\u00e9k C\u00e9gb\u00edr\u00f3s\u00e1ga<\/p>\n<p><img loading=\"lazy\" decoding=\"async\" class=\"alignnone wp-image-640\" src=\"https:\/\/synermont.com\/wp-content\/uploads\/2022\/01\/iso9001-300x296.jpg\" alt=\"Synermont Lohnfertigung Qualit\u00e4t\" width=\"83\" height=\"82\" srcset=\"https:\/\/synermont.com\/wp-content\/uploads\/2022\/01\/iso9001-300x296.jpg 300w, https:\/\/synermont.com\/wp-content\/uploads\/2022\/01\/iso9001-1024x1010.jpg 1024w, https:\/\/synermont.com\/wp-content\/uploads\/2022\/01\/iso9001-150x150.jpg 150w, https:\/\/synermont.com\/wp-content\/uploads\/2022\/01\/iso9001-768x757.jpg 768w, https:\/\/synermont.com\/wp-content\/uploads\/2022\/01\/iso9001-991x991.jpg 991w, https:\/\/synermont.com\/wp-content\/uploads\/2022\/01\/iso9001.jpg 1273w\" sizes=\"auto, (max-width: 83px) 100vw, 83px\" \/><\/p>\n<p>ISO 9001 Tan\u00fas\u00edtott min\u0151s\u00e9gir\u00e1ny\u00edt\u00e1si rendszer<\/p>\n<p>MSZ EN ISO 9001:2015<\/p>\n<p>Nyilv\u00e1ntart\u00e1si sz\u00e1m: 24 100 2353<\/p>\n<p>&nbsp;<\/p>\n<p><img loading=\"lazy\" decoding=\"async\" class=\"alignnone wp-image-570\" src=\"https:\/\/synermont.com\/wp-content\/uploads\/2021\/12\/synermont-logo-bright-base-300x53.png\" alt=\"\" width=\"192\" height=\"34\" srcset=\"https:\/\/synermont.com\/wp-content\/uploads\/2021\/12\/synermont-logo-bright-base-300x53.png 300w, https:\/\/synermont.com\/wp-content\/uploads\/2021\/12\/synermont-logo-bright-base-1024x181.png 1024w, https:\/\/synermont.com\/wp-content\/uploads\/2021\/12\/synermont-logo-bright-base-768x135.png 768w, https:\/\/synermont.com\/wp-content\/uploads\/2021\/12\/synermont-logo-bright-base-1536x271.png 1536w, https:\/\/synermont.com\/wp-content\/uploads\/2021\/12\/synermont-logo-bright-base-2048x361.png 2048w\" sizes=\"auto, (max-width: 192px) 100vw, 192px\" \/><\/p>\n","protected":false},"excerpt":{"rendered":"<p>&nbsp; Synermont Zrt HU-9400 Sopron,\u00a0 Gy\u0151ri \u00fat 42. Phone: +36 30 108 6364 &nbsp; www.synermont.com info@synermont.com &nbsp; C\u00e9gjegyz\u00e9ksz\u00e1m: 01-10-141380 Ad\u00f3sz\u00e1m: HU29273126 T\u00e1rsas\u00e1g jogi form\u00e1ja: Z\u00e1rtk\u00f6r\u0171 r\u00e9szv\u00e9nyt\u00e1rsas\u00e1g C\u00e9gb\u00edr\u00f3s\u00e1g: F\u0151v\u00e1rosi T\u00f6rv\u00e9nysz\u00e9k C\u00e9gb\u00edr\u00f3s\u00e1ga ISO 9001 Tan\u00fas\u00edtott min\u0151s\u00e9gir\u00e1ny\u00edt\u00e1si rendszer MSZ EN ISO 9001:2015 Nyilv\u00e1ntart\u00e1si sz\u00e1m: 24 100 2353 &nbsp;<\/p>\n","protected":false},"author":3,"featured_media":0,"parent":0,"menu_order":0,"comment_status":"closed","ping_status":"closed","template":"","meta":{"_acf_changed":false,"footnotes":""},"class_list":["post-575","page","type-page","status-publish","hentry"],"acf":[],"yoast_head":"<!-- This site is optimized with the Yoast SEO Premium plugin v22.1 (Yoast SEO v22.1) - https:\/\/yoast.com\/wordpress\/plugins\/seo\/ -->\n<title>Impresszum - Synermont | B\u00e9rgy\u00e1rt\u00e1s<\/title>\n<meta name=\"description\" content=\"Teljesk\u00f6r\u0171 megold\u00e1sok gazdas\u00e1gi \u00e9s strat\u00e9gia szempontb\u00f3l hat\u00e9kony termel\u00e9s kiszervez\u00e9shez. Szakter\u00fclet\u00fcnk a komplett b\u00e9rgy\u00e1rt\u00e1si projektek megval\u00f3s\u00edt\u00e1sa\" \/>\n<meta name=\"robots\" content=\"index, follow, max-snippet:-1, max-image-preview:large, max-video-preview:-1\" \/>\n<link rel=\"canonical\" href=\"https:\/\/synermont.com\/hu\/impresszum\/\" \/>\n<meta property=\"og:locale\" content=\"hu_HU\" \/>\n<meta property=\"og:type\" content=\"article\" \/>\n<meta property=\"og:title\" content=\"Impresszum - Synermont | B\u00e9rgy\u00e1rt\u00e1s\" \/>\n<meta property=\"og:description\" content=\"Teljesk\u00f6r\u0171 megold\u00e1sok gazdas\u00e1gi \u00e9s strat\u00e9gia szempontb\u00f3l hat\u00e9kony termel\u00e9s kiszervez\u00e9shez. Szakter\u00fclet\u00fcnk a komplett b\u00e9rgy\u00e1rt\u00e1si projektek megval\u00f3s\u00edt\u00e1sa\" \/>\n<meta property=\"og:url\" content=\"https:\/\/synermont.com\/hu\/impresszum\/\" \/>\n<meta property=\"og:site_name\" content=\"Synermont\" \/>\n<meta property=\"article:modified_time\" content=\"2025-04-14T11:11:33+00:00\" \/>\n<meta property=\"og:image\" content=\"https:\/\/synermont.com\/wp-content\/uploads\/2022\/01\/iso9001-300x296.jpg\" \/>\n<meta name=\"twitter:card\" content=\"summary_large_image\" \/>\n<meta name=\"twitter:label1\" content=\"Becs\u00fclt olvas\u00e1si id\u0151\" \/>\n\t<meta name=\"twitter:data1\" content=\"1 perc\" \/>\n<script type=\"application\/ld+json\" class=\"yoast-schema-graph\">{\"@context\":\"https:\/\/schema.org\",\"@graph\":[{\"@type\":\"WebPage\",\"@id\":\"https:\/\/synermont.com\/hu\/impresszum\/\",\"url\":\"https:\/\/synermont.com\/hu\/impresszum\/\",\"name\":\"Impresszum - Synermont | B\u00e9rgy\u00e1rt\u00e1s\",\"isPartOf\":{\"@id\":\"https:\/\/synermont.com\/#website\"},\"datePublished\":\"2021-12-26T11:14:28+00:00\",\"dateModified\":\"2025-04-14T11:11:33+00:00\",\"description\":\"Teljesk\u00f6r\u0171 megold\u00e1sok gazdas\u00e1gi \u00e9s strat\u00e9gia szempontb\u00f3l hat\u00e9kony termel\u00e9s kiszervez\u00e9shez. Szakter\u00fclet\u00fcnk a komplett b\u00e9rgy\u00e1rt\u00e1si projektek megval\u00f3s\u00edt\u00e1sa\",\"inLanguage\":\"hu\",\"potentialAction\":[{\"@type\":\"ReadAction\",\"target\":[\"https:\/\/synermont.com\/hu\/impresszum\/\"]}]},{\"@type\":\"WebSite\",\"@id\":\"https:\/\/synermont.com\/#website\",\"url\":\"https:\/\/synermont.com\/\",\"name\":\"Synermont\",\"description\":\"Contract Manufacturing\",\"publisher\":{\"@id\":\"https:\/\/synermont.com\/#organization\"},\"potentialAction\":[{\"@type\":\"SearchAction\",\"target\":{\"@type\":\"EntryPoint\",\"urlTemplate\":\"https:\/\/synermont.com\/?s={search_term_string}\"},\"query-input\":\"required name=search_term_string\"}],\"inLanguage\":\"hu\"},{\"@type\":\"Organization\",\"@id\":\"https:\/\/synermont.com\/#organization\",\"name\":\"Synermont\",\"url\":\"https:\/\/synermont.com\/\",\"logo\":{\"@type\":\"ImageObject\",\"inLanguage\":\"hu\",\"@id\":\"https:\/\/synermont.com\/#\/schema\/logo\/image\/\",\"url\":\"https:\/\/synermont.com\/wp-content\/uploads\/2021\/12\/synermont-logo-bright-base.png\",\"contentUrl\":\"https:\/\/synermont.com\/wp-content\/uploads\/2021\/12\/synermont-logo-bright-base.png\",\"width\":2507,\"height\":442,\"caption\":\"Synermont\"},\"image\":{\"@id\":\"https:\/\/synermont.com\/#\/schema\/logo\/image\/\"}}]}<\/script>\n<!-- \/ Yoast SEO Premium plugin. -->","yoast_head_json":{"title":"Impresszum - Synermont | B\u00e9rgy\u00e1rt\u00e1s","description":"Teljesk\u00f6r\u0171 megold\u00e1sok gazdas\u00e1gi \u00e9s strat\u00e9gia szempontb\u00f3l hat\u00e9kony termel\u00e9s kiszervez\u00e9shez. Szakter\u00fclet\u00fcnk a komplett b\u00e9rgy\u00e1rt\u00e1si projektek megval\u00f3s\u00edt\u00e1sa","robots":{"index":"index","follow":"follow","max-snippet":"max-snippet:-1","max-image-preview":"max-image-preview:large","max-video-preview":"max-video-preview:-1"},"canonical":"https:\/\/synermont.com\/hu\/impresszum\/","og_locale":"hu_HU","og_type":"article","og_title":"Impresszum - Synermont | B\u00e9rgy\u00e1rt\u00e1s","og_description":"Teljesk\u00f6r\u0171 megold\u00e1sok gazdas\u00e1gi \u00e9s strat\u00e9gia szempontb\u00f3l hat\u00e9kony termel\u00e9s kiszervez\u00e9shez. Szakter\u00fclet\u00fcnk a komplett b\u00e9rgy\u00e1rt\u00e1si projektek megval\u00f3s\u00edt\u00e1sa","og_url":"https:\/\/synermont.com\/hu\/impresszum\/","og_site_name":"Synermont","article_modified_time":"2025-04-14T11:11:33+00:00","og_image":[{"url":"https:\/\/synermont.com\/wp-content\/uploads\/2022\/01\/iso9001-300x296.jpg"}],"twitter_card":"summary_large_image","twitter_misc":{"Becs\u00fclt olvas\u00e1si id\u0151":"1 perc"},"schema":{"@context":"https:\/\/schema.org","@graph":[{"@type":"WebPage","@id":"https:\/\/synermont.com\/hu\/impresszum\/","url":"https:\/\/synermont.com\/hu\/impresszum\/","name":"Impresszum - Synermont | B\u00e9rgy\u00e1rt\u00e1s","isPartOf":{"@id":"https:\/\/synermont.com\/#website"},"datePublished":"2021-12-26T11:14:28+00:00","dateModified":"2025-04-14T11:11:33+00:00","description":"Teljesk\u00f6r\u0171 megold\u00e1sok gazdas\u00e1gi \u00e9s strat\u00e9gia szempontb\u00f3l hat\u00e9kony termel\u00e9s kiszervez\u00e9shez. Szakter\u00fclet\u00fcnk a komplett b\u00e9rgy\u00e1rt\u00e1si projektek megval\u00f3s\u00edt\u00e1sa","inLanguage":"hu","potentialAction":[{"@type":"ReadAction","target":["https:\/\/synermont.com\/hu\/impresszum\/"]}]},{"@type":"WebSite","@id":"https:\/\/synermont.com\/#website","url":"https:\/\/synermont.com\/","name":"Synermont","description":"Contract Manufacturing","publisher":{"@id":"https:\/\/synermont.com\/#organization"},"potentialAction":[{"@type":"SearchAction","target":{"@type":"EntryPoint","urlTemplate":"https:\/\/synermont.com\/?s={search_term_string}"},"query-input":"required name=search_term_string"}],"inLanguage":"hu"},{"@type":"Organization","@id":"https:\/\/synermont.com\/#organization","name":"Synermont","url":"https:\/\/synermont.com\/","logo":{"@type":"ImageObject","inLanguage":"hu","@id":"https:\/\/synermont.com\/#\/schema\/logo\/image\/","url":"https:\/\/synermont.com\/wp-content\/uploads\/2021\/12\/synermont-logo-bright-base.png","contentUrl":"https:\/\/synermont.com\/wp-content\/uploads\/2021\/12\/synermont-logo-bright-base.png","width":2507,"height":442,"caption":"Synermont"},"image":{"@id":"https:\/\/synermont.com\/#\/schema\/logo\/image\/"}}]}},"_links":{"self":[{"href":"https:\/\/synermont.com\/hu\/wp-json\/wp\/v2\/pages\/575","targetHints":{"allow":["GET"]}}],"collection":[{"href":"https:\/\/synermont.com\/hu\/wp-json\/wp\/v2\/pages"}],"about":[{"href":"https:\/\/synermont.com\/hu\/wp-json\/wp\/v2\/types\/page"}],"author":[{"embeddable":true,"href":"https:\/\/synermont.com\/hu\/wp-json\/wp\/v2\/users\/3"}],"replies":[{"embeddable":true,"href":"https:\/\/synermont.com\/hu\/wp-json\/wp\/v2\/comments?post=575"}],"version-history":[{"count":6,"href":"https:\/\/synermont.com\/hu\/wp-json\/wp\/v2\/pages\/575\/revisions"}],"predecessor-version":[{"id":1528,"href":"https:\/\/synermont.com\/hu\/wp-json\/wp\/v2\/pages\/575\/revisions\/1528"}],"wp:attachment":[{"href":"https:\/\/synermont.com\/hu\/wp-json\/wp\/v2\/media?parent=575"}],"curies":[{"name":"wp","href":"https:\/\/api.w.org\/{rel}","templated":true}]}}